{"id":2451,"date":"2017-07-09T17:17:51","date_gmt":"2017-07-09T10:17:51","guid":{"rendered":"http:\/\/www.vpa.org.vn\/vn\/?page_id=2451"},"modified":"2017-07-09T17:17:51","modified_gmt":"2017-07-09T10:17:51","slug":"sua-doi-dieu-le","status":"publish","type":"page","link":"http:\/\/www.vpa.org.vn\/vn\/sua-doi-dieu-le\/","title":{"rendered":"S\u1eeda \u0111\u1ed5i \u0111i\u1ec1u l\u1ec7"},"content":{"rendered":"<ul>\n<li><span style=\"font-family: arial, helvetica, sans-serif;\"><em><strong>BCH g\u1ed3m<span style=\"color: #333366;\">\u00a015 th\u00e0nh vi\u00ean &amp; 3 Ph\u00f3 Ch\u1ee7 t\u1ecbch:<\/span><\/strong><\/em><span style=\"color: #333366;\">\u00a0Theo k\u1ebft qu\u1ea3 b\u1ea7u Ban l\u00e3nh \u0111\u1ea1o Hi\u1ec7p h\u1ed9i kh\u00f3a 5 c\u1ee7a \u0110\u1ea1i h\u1ed9i VPA l\u1ea7n th\u1ee9 5 n\u0103m 8-9\/11\/2004 t\u1ea1i C\u1ea7n Th\u01a1, s\u1ed1 l\u01b0\u1ee3ng Ph\u00f3 ch\u1ee7 t\u1ecbch Hi\u1ec7p h\u1ed9i l\u00e0 3 ng\u01b0\u1eddi \u0111\u1ea1i di\u1ec7n cho 3 mi\u1ec1n thay v\u00ec 2 ng\u01b0\u1eddi (thay \u0111\u1ed5i Kho\u1ea3n 20.1 \u0110i\u1ec1u 20 c\u1ee7a \u0110i\u1ec1u l\u1ec7 v\u1ec1 BCH Hi\u1ec7p h\u1ed9i) v\u00e0 BCH \u0111\u01b0\u1ee3c b\u1ea7u g\u1ed3m 15 ng\u01b0\u1eddi thay v\u00ec 11.<br \/>\n<\/span><\/span><\/li>\n<li><span style=\"color: #333366; font-family: arial, helvetica, sans-serif;\"><em><strong>Nhi\u1ec7m k\u1ef3 BCH 3 n\u0103m:<\/strong><\/em>\u00a0Theo Ngh\u1ecb quy\u1ebft c\u1ee7a \u0110\u1ea1i h\u1ed9i VPA l\u1ea7n th\u1ee9 4 n\u0103m 2002 t\u1ea1i Phan Thi\u1ebft, Nhi\u1ec7m k\u1ef3 c\u1ee7a BCH \u0111\u01b0\u1ee3c qui \u0111\u1ecbnh l\u00e0 3 n\u0103m thay v\u00ec 2 n\u0103m (thay \u0111\u1ed5i Kho\u1ea3n 20.1 \u0110i\u1ec1u 20 c\u1ee7a \u0110i\u1ec1u l\u1ec7 v\u1ec1 Nhi\u1ec7m k\u1ef3 c\u1ee7a BCH Hi\u1ec7p h\u1ed9i)<\/span><\/li>\n<\/ul>\n","protected":false},"excerpt":{"rendered":"<p>BCH g\u1ed3m\u00a015 th\u00e0nh vi\u00ean &amp; 3 Ph\u00f3 Ch\u1ee7 t\u1ecbch:\u00a0Theo k\u1ebft qu\u1ea3 b\u1ea7u Ban l\u00e3nh \u0111\u1ea1o Hi\u1ec7p h\u1ed9i kh\u00f3a 5 c\u1ee7a \u0110\u1ea1i h\u1ed9i VPA l\u1ea7n th\u1ee9 5 n\u0103m 8-9\/11\/2004 t\u1ea1i C\u1ea7n Th\u01a1, s\u1ed1 l\u01b0\u1ee3ng Ph\u00f3 ch\u1ee7 t\u1ecbch Hi\u1ec7p h\u1ed9i l\u00e0 3 ng\u01b0\u1eddi \u0111\u1ea1i di\u1ec7n cho 3 mi\u1ec1n thay v\u00ec 2 ng\u01b0\u1eddi (thay \u0111\u1ed5i Kho\u1ea3n 20.1 \u0110i\u1ec1u &hellip;<\/p>\n","protected":false},"author":1,"featured_media":0,"parent":0,"menu_order":0,"comment_status":"closed","ping_status":"closed","template":"","meta":{"footnotes":""},"class_list":["post-2451","page","type-page","status-publish",""],"_links":{"self":[{"href":"http:\/\/www.vpa.org.vn\/vn\/wp-json\/wp\/v2\/pages\/2451"}],"collection":[{"href":"http:\/\/www.vpa.org.vn\/vn\/wp-json\/wp\/v2\/pages"}],"about":[{"href":"http:\/\/www.vpa.org.vn\/vn\/wp-json\/wp\/v2\/types\/page"}],"author":[{"embeddable":true,"href":"http:\/\/www.vpa.org.vn\/vn\/wp-json\/wp\/v2\/users\/1"}],"replies":[{"embeddable":true,"href":"http:\/\/www.vpa.org.vn\/vn\/wp-json\/wp\/v2\/comments?post=2451"}],"version-history":[{"count":1,"href":"http:\/\/www.vpa.org.vn\/vn\/wp-json\/wp\/v2\/pages\/2451\/revisions"}],"predecessor-version":[{"id":2452,"href":"http:\/\/www.vpa.org.vn\/vn\/wp-json\/wp\/v2\/pages\/2451\/revisions\/2452"}],"wp:attachment":[{"href":"http:\/\/www.vpa.org.vn\/vn\/wp-json\/wp\/v2\/media?parent=2451"}],"curies":[{"name":"wp","href":"https:\/\/api.w.org\/{rel}","templated":true}]}}