{"id":2458,"date":"2017-07-09T17:24:12","date_gmt":"2017-07-09T10:24:12","guid":{"rendered":"http:\/\/www.vpa.org.vn\/vn\/?page_id=2458"},"modified":"2022-10-12T14:35:07","modified_gmt":"2022-10-12T07:35:07","slug":"ban-thu-ky","status":"publish","type":"page","link":"http:\/\/www.vpa.org.vn\/vn\/ban-thu-ky\/","title":{"rendered":"Ban th\u01b0 k\u00fd"},"content":{"rendered":"[vc_row 0=&#8221;&#8221;][vc_column][vc_column_text 0=&#8221;&#8221;]<span style=\"color: #800000;\"><strong>Kh\u00f3a 9 &#8211; nhi\u1ec7m k\u1ef3 2021 &#8211; 2025<\/strong><\/span><\/p>\n<p><strong>T\u1ed5ng th\u01b0 k\u00fd:<\/strong> \u00d4ng H\u1ed3 Kim L\u00e2n<\/p>\n<p><strong>C\u1ed1 V\u1ea5n cho VPA:<\/strong> Phan Th\u00e0nh Ti\u1ebfn, C\u1ea3ng C\u1ea7n Th\u01a1<\/p>\n<p><strong>Ban ki\u1ec3m so\u00e1t:<\/strong><\/p>\n<ul>\n<li>Nguy\u1ec5n Ng\u1ecdc Th\u1ea3o, Tr\u01b0\u1edfng Ban<\/li>\n<li>Ph\u1ea1m Minh S\u01a1n, C\u1ea3ng C\u1ea9m Ph\u1ea3<\/li>\n<li>Nguy\u1ec5n Xu\u00e2n H\u00f9ng, C\u1ea3ng Ngh\u1ec7 T\u1ec9nh<\/li>\n<\/ul>\n<p><strong>\u1ee6y vi\u00ean Ban th\u01b0 k\u00fd:<\/strong><\/p>\n<ul>\n<li>\u00d4ng Tr\u1ea7n Qu\u1ed1c Anh &#8211; C\u1ea3ng B\u1ebfn Ngh\u00e9.<\/li>\n<li>C\u00f4 Tr\u01b0\u01a1ng Tr\u1ea7n Ph\u01b0\u01a1ng Dung &#8211; C\u1ea3ng H\u1ea3i Ph\u00f2ng.<\/li>\n<li>C\u00f4 Ph\u1ea1m Th\u1ecb Th\u00fay V\u00e2n &#8211; T\u00e2n C\u1ea3ng.<\/li>\n<li>\u00d4ng Nguy\u1ec5n Thanh Khi\u1ebft &#8211; C\u1ea3ng S\u00e0i G\u00f2n.<\/li>\n<\/ul>\n<p><span style=\"color: #800000;\"><strong>Kh\u00f3a 8 &#8211; nhi\u1ec7m k\u1ef3 2016 &#8211; 2020<\/strong><\/span><\/p>\n<p>T\u1ed5ng th\u01b0 k\u00fd: \u00d4ng H\u1ed3 Kim L\u00e2n<\/p>\n<p>\u1ee6y vi\u00ean Ban th\u01b0 k\u00fd:<\/p>\n<ul>\n<li>\u00d4ng Nguy\u1ec5n M\u1ea1nh H\u00e0 &#8211; C\u1ea3ng S\u00e0i G\u00f2n<\/li>\n<li>\n<div>\u00d4ng Nguy\u1ec5n Thanh Khi\u1ebft &#8211; C\u1ea3ng S\u00e0i G\u00f2n<\/div>\n<\/li>\n<li>\n<div>\u00d4ng Tr\u1ea7n Qu\u1ed1c Anh &#8211; C\u1ea3ng B\u1ebfn Ngh\u00e9<\/div>\n<\/li>\n<li>\n<div>B\u00e0 Ph\u1ea1m Th\u1ecb Th\u00fay V\u00e2n &#8211; T\u00e2n C\u1ea3ng S\u00e0i G\u00f2n<\/div>\n<\/li>\n<li>\n<div>B\u00e0 Tr\u01b0\u01a1ng Tr\u1ea7n Ph\u01b0\u01a1ng Dung &#8211; C\u1ea3ng H\u1ea3i Ph\u00f2ng<\/div>\n<\/li>\n<li>\u00d4ng Nguy\u1ec5n Th\u00e1i H\u1ea3 &#8211; C\u1ea3ng B\u1ebfn Ngh\u00e9<\/li>\n<li>\u00d4ng Nguy\u1ec5n \u0110\u00ecnh Th\u1eafng<\/li>\n<\/ul>\n<p><span style=\"color: #800000;\"><strong>Kh\u00f3a 7 &#8211; nhi\u1ec7m k\u1ef3 2010-2013:<\/strong><\/span><\/p>\n<p>T\u1ed5ng th\u01b0 k\u00fd: \u00d4ng H\u1ed3 Kim L\u00e2n<br \/>\nU\u1ef7 vi\u00ean Ban th\u01b0 k\u00fd:<\/p>\n<ol>\n<li style=\"list-style-type: none;\">\n<ul>\n<li>\u00d4ng L\u00ea V\u0103n Th\u1ea3o &#8211; C\u1ea3ng S\u00e0i G\u00f2n<\/li>\n<li>\u00d4ng Cao H\u1ed3ng Phong &#8211; C\u1ea3ng H\u1ea3i Ph\u00f2ng<\/li>\n<li>\u00d4ng Nguy\u1ec5n M\u1ea1nh H\u00e0 &#8211; C\u1ea3ng S\u00e0i G\u00f2n<\/li>\n<li>\u00d4ng Tr\u1ea7n Kh\u00e1nh Ho\u00e0ng &#8211; T\u00e2n C\u1ea3ng S\u00e0i G\u00f2n<\/li>\n<li>\u00d4ng Nguy\u1ec5n Th\u00e1i H\u1ea3i &#8211; C\u1ea3ng B\u1ebfn Ngh\u00e9<\/li>\n<\/ul>\n<\/li>\n<\/ol>\n<p><span style=\"color: #800000;\"><strong>Kh\u00f3a 6 &#8211; Nhi\u1ec7m k\u1ef3<\/strong> <strong>2007-2009<\/strong><\/span><\/p>\n<ul>\n<li>\u00d4ng H\u1ed3 Kim L\u00e2n, Tr\u01b0\u1edfng ph\u00f2ng \u0110\u1ed1i Ngo\u1ea1i C\u1ea3ng S\u00e0i G\u00f2n, T\u1ed5ng Th\u01b0 k\u00fd.<\/li>\n<li>\u00d4ng Nguy\u1ec5n M\u1ea1nh H\u00e0, Tr\u01b0\u1edfng ph\u00f2ng HCTH C\u1ea3ng S\u00e0i G\u00f2n, \u1ee6y vi\u00ean.<\/li>\n<li>\u00d4ng Tr\u1ea7n Kh\u00e1nh Ho\u00e0ng, Tr\u01b0\u1edfng ph\u00f2ng \u0110\u1ed1i ngo\u1ea1i &#8211; Ti\u1ebfp th\u1ecb, T\u00e2n C\u1ea3ng S\u00e0i G\u00f2n, UV.<\/li>\n<li>\u00d4ng Nguy\u1ec5n Th\u00e1i H\u1ea3i, Tr\u01b0\u1edfng ph\u00f2ng K\u1ebf ho\u1ea1ch C\u1ea3ng B\u1ebfn Ngh\u00e9, UV.<\/li>\n<li>\u00d4ng Cao H\u1ed3ng Phong, Ph\u00f3 Gi\u00e1m \u0111\u1ed1c XNXD Ch\u00f9a V\u1ebd, c\u1ea3ng H\u1ea3i Ph\u00f2ng, U\u1ef7 vi\u00ean.<\/li>\n<li>\u00d4ng L\u00ea V\u0103n Th\u1ea3o, Ph\u00f3 ph\u00f2ng \u0110\u1ed1i Ngo\u1ea1i C\u1ea3ng S\u00e0i G\u00f2n, UV<\/li>\n<\/ul>\n<p><span style=\"color: #800000;\"><strong>Kh\u00f3a 5 &#8211; Nhi\u1ec7m k\u1ef3 2005-2007<\/strong><\/span><\/p>\n<ul>\n<li>\u00d4ng H\u1ed3 Kim L\u00e2n, Tr\u01b0\u1edfng ph\u00f2ng \u0110\u1ed1i Ngo\u1ea1i C\u1ea3ng S\u00e0i G\u00f2n, T\u1ed5ng Th\u01b0 k\u00fd.<\/li>\n<li>\u00d4ng Nguy\u1ec5n M\u1ea1nh H\u00e0, Tr\u01b0\u1edfng ph\u00f2ng HCTH C\u1ea3ng S\u00e0i G\u00f2n, \u1ee6y vi\u00ean.<\/li>\n<li>\u00d4ng Tr\u1ea7n Kh\u00e1nh Sinh, Quy\u1ec1n G\u0110 Trung t\u00e2m \u0110i\u1ec1u \u0111\u1ed9 T\u00e2n C\u1ea3ng S\u00e0i G\u00f2n, UV.<\/li>\n<li>\u00d4ng Cao H\u1ed3ng Phong, Tr\u1ee3 l\u00fd T\u1ed5ng gi\u00e1m \u0111\u1ed1c C\u1ea3ng H\u1ea3i Ph\u00f2ng, UV.<\/li>\n<li>\u00d4ng Nguy\u1ec5n Th\u00e1i H\u1ea3i, Tr\u01b0\u1edfng ph\u00f2ng K\u1ebf ho\u1ea1ch C\u1ea3ng B\u1ebfn Ngh\u00e9, UV.<\/li>\n<li>\u00d4ng L\u00ea V\u0103n Th\u1ea3o, Ph\u00f3 ph\u00f2ng \u0110\u1ed1i Ngo\u1ea1i C\u1ea3ng S\u00e0i G\u00f2n, UV<\/li>\n<\/ul>\n<p><span style=\"color: #800000;\"><strong>Kh\u00f3a 4 &#8211; Nhi\u1ec7m k\u1ef3 2002-2004<\/strong><\/span><\/p>\n<ul>\n<li><span style=\"color: #333366;\">\u00d4ng H\u1ed2 KIM L\u00c2N &#8211; T\u1ed5ng Th\u01b0 k\u00fd<br \/>\n(Tr\u01b0\u1edfng ph\u00f2ng \u0110\u1ed1i ngo\u1ea1i &#8211; C\u1ea3ng S\u00e0ig\u00f2n)<br \/>\n<\/span><\/li>\n<li>\n<p align=\"left\"><span style=\"color: #333366;\">\u00d4ng D\u01af\u01a0NG THANH B\u00ccNH &#8211; \u1ee6y vi\u00ean<br \/>\n(Tr\u01b0\u1edfng ph\u00f2ng \u0110\u1ed1i ngo\u1ea1i\u00a0 &#8211; C\u1ea3ng H\u1ea3i Ph\u00f2ng)<br \/>\n<\/span><\/li>\n<li>\n<p align=\"left\"><span style=\"color: #333366;\">\u00d4ng NGUY\u1ec4N TR\u1eccNG C\u1eeaU &#8211; \u1ee6y vi\u00ean<br \/>\n(Ph\u00f3 gi\u00e1m \u0111\u1ed1c &#8211; C\u1ea3ng B\u1ebfn Ngh\u00e9)<br \/>\n<\/span><\/li>\n<li>\n<p align=\"left\"><span style=\"color: #333366;\">\u00d4ng NGUY\u1ec4N M\u1ea0NH H\u00c0 &#8211; \u1ee6y vi\u00ean<br \/>\n(Tr\u01b0\u1edfng ph\u00f2ng H\u00e0nh ch\u00e1nh T\u1ed5ng h\u1ee3p &#8211; C\u1ea3ng S\u00e0i G\u00f2n)<br \/>\n<\/span><\/li>\n<li>\n<p align=\"left\"><span style=\"color: #333366;\">\u00d4ng TR\u1ea6N KH\u00c1NH SINH &#8211; \u1ee6y vi\u00ean<br \/>\n(Tr\u01b0\u1edfng ph\u00f2ng, K\u1ebf ho\u1ea1ch v\u00e0 Khai th\u00e1c &#8211; T\u00e2n C\u1ea3ng S\u00e0ig\u00f2n)<\/span><\/li>\n<\/ul>\n[\/vc_column_text][\/vc_column][\/vc_row]\n","protected":false},"excerpt":{"rendered":"<p>[vc_row 0=&#8221;&#8221;][vc_column][vc_column_text 0=&#8221;&#8221;]Kh\u00f3a 9 &#8211; nhi\u1ec7m k\u1ef3 2021 &#8211; 2025 T\u1ed5ng th\u01b0 k\u00fd: \u00d4ng H\u1ed3 Kim L\u00e2n C\u1ed1 V\u1ea5n cho VPA: Phan Th\u00e0nh Ti\u1ebfn, C\u1ea3ng C\u1ea7n Th\u01a1 Ban ki\u1ec3m so\u00e1t: Nguy\u1ec5n Ng\u1ecdc Th\u1ea3o, Tr\u01b0\u1edfng Ban Ph\u1ea1m Minh S\u01a1n, C\u1ea3ng C\u1ea9m Ph\u1ea3 Nguy\u1ec5n Xu\u00e2n H\u00f9ng, C\u1ea3ng Ngh\u1ec7 T\u1ec9nh \u1ee6y vi\u00ean Ban th\u01b0 k\u00fd: \u00d4ng Tr\u1ea7n Qu\u1ed1c &hellip;<\/p>\n","protected":false},"author":1,"featured_media":0,"parent":0,"menu_order":0,"comment_status":"closed","ping_status":"closed","template":"","meta":{"footnotes":""},"class_list":["post-2458","page","type-page","status-publish",""],"_links":{"self":[{"href":"http:\/\/www.vpa.org.vn\/vn\/wp-json\/wp\/v2\/pages\/2458"}],"collection":[{"href":"http:\/\/www.vpa.org.vn\/vn\/wp-json\/wp\/v2\/pages"}],"about":[{"href":"http:\/\/www.vpa.org.vn\/vn\/wp-json\/wp\/v2\/types\/page"}],"author":[{"embeddable":true,"href":"http:\/\/www.vpa.org.vn\/vn\/wp-json\/wp\/v2\/users\/1"}],"replies":[{"embeddable":true,"href":"http:\/\/www.vpa.org.vn\/vn\/wp-json\/wp\/v2\/comments?post=2458"}],"version-history":[{"count":6,"href":"http:\/\/www.vpa.org.vn\/vn\/wp-json\/wp\/v2\/pages\/2458\/revisions"}],"predecessor-version":[{"id":3531,"href":"http:\/\/www.vpa.org.vn\/vn\/wp-json\/wp\/v2\/pages\/2458\/revisions\/3531"}],"wp:attachment":[{"href":"http:\/\/www.vpa.org.vn\/vn\/wp-json\/wp\/v2\/media?parent=2458"}],"curies":[{"name":"wp","href":"https:\/\/api.w.org\/{rel}","templated":true}]}}