{"id":2461,"date":"2017-07-09T17:25:21","date_gmt":"2017-07-09T10:25:21","guid":{"rendered":"http:\/\/www.vpa.org.vn\/vn\/?page_id=2461"},"modified":"2017-07-09T17:25:21","modified_gmt":"2017-07-09T10:25:21","slug":"thay-doi-nhan-su","status":"publish","type":"page","link":"http:\/\/www.vpa.org.vn\/vn\/thay-doi-nhan-su\/","title":{"rendered":"Thay \u0111\u1ed5i nh\u00e2n s\u1ef1"},"content":{"rendered":"<p align=\"center\"><strong>THAY \u0110\u1ed4i C\u00c1C C\u1ea2NG TH\u00c0NH VI\u00caN VPA N\u0102M 2013<\/strong><\/p>\n<ol>\n<li><span id=\"yui_3_13_0_rc_1_1_1381887191621_2272\">C\u1ea3ng Qu\u1ea3ng Ninh: \u00d4ng B\u00f9i Quang \u0110\u1ea1o, thay th\u1ebf \u00f4ng V\u0169 Kh\u1eafc T\u1eeb.<\/span><\/li>\n<li>C\u1ea3ng x\u0103ng d\u1ea7u B12: \u00d4ng Ph\u1ea1m Minh \u0110\u1ee9c thay th\u1ebf \u00f4ng L\u1ea1i M\u1ea1nh H\u00f9ng<\/li>\n<li>C\u1ea3ng C\u1eeda Vi\u1ec7t: \u00d4ng Ho\u00e0ng \u0110\u1ee9c Chung<span id=\"yui_3_13_0_rc_1_1_1381887191621_2278\">\u00a0thay th\u1ebf \u00f4ng Nguy\u1ec5n V\u0103n \u0110\u1ecbnh<u><\/u><u><\/u><\/span><\/li>\n<li>C\u1ea3ng 9 S\u00f4ng H\u00e0n\u00a0<span id=\"yui_3_13_0_rc_1_1_1381887191621_2268\">(Da Nang Shipping JSC): \u00d4ng \u0110o\u00e0n V\u0103n S\u01a1n thay th\u1ebf \u00f4ng Hu\u1ef3nh V\u0103n Thu\u1eadn<u><\/u><u><\/u><\/span><\/li>\n<li>C\u1ea3ng\u00a0<span id=\"yui_3_13_0_rc_1_1_1381887191621_2847\">CMIT: \u00d4ng ROBERT HAMBLETON thay th\u1ebf \u00f4ng Mr. Steen Davidsen<\/span><\/li>\n<li>C\u1ea3ng B\u1ebfn Ngh\u00e9<span id=\"yui_3_13_0_rc_1_1_1381887191621_2850\">: \u00d4ng Nguy\u1ec5n Ng\u1ecdc Th\u1ea3o thay th\u1ebf \u00f4ng Nguy\u1ec5n Tr\u1ecdng C\u1eebu<u><\/u><u><\/u><\/span><\/li>\n<li>C\u1ea3ng\u00a0<u><\/u><span id=\"yui_3_13_0_rc_1_1_1381887191621_2852\">VICT: \u00d4ng GLENN KONG WAI KEONG thay th\u1ebf \u00f4ng Mr. Scott Oh Sang Hoon<\/span><\/li>\n<\/ol>\n<p align=\"center\"><strong>THAY \u0110\u1ed4i C\u00c1C C\u1ea2NG TH\u00c0NH VI\u00caN VPA N\u0102M 2012<\/strong><\/p>\n<ol>\n<li>C\u1ea3ng V\u1eadt C\u00e1ch: Tr\u1ea7n Duy Ph\u00fac thay cho Ph\u1ea1m V\u0103n S\u01a1n<\/li>\n<li>C\u1ea3ng C\u1eeda C\u1ea5m: Nguy\u1ec5n M\u1ea1nh C\u01b0\u1eddng thay cho Ho\u00e0ng \u0110\u00ecnh \u0110\u1ea1t<\/li>\n<li>C\u1ea3ng 9 S\u00f4ng H\u00e0n: Hu\u1ef3nh V\u0103n Thu\u1eadn thay cho L\u00ea Vi\u1ec7t H\u1ed9i<\/li>\n<li>Qui Nh\u01a1n: Nguy\u1ec5n H\u1eefu Ph\u00fac thay cho Nguy\u1ec5n T\u00edn D\u00e2n<\/li>\n<li>CMIT : Steen Davidsen thay cho Michael Them Rasmussen<\/li>\n<li>TCIT : Seong Won Hong thay cho Akira Kurita (h\u00ecnh nh\u01b0 \u0111\u00e3 g\u1edfi thay \u0111\u1ed5i tr\u01b0\u1edbc \u0111\u00e2y r\u1ed3i, c\u00f3 t\u00ean c\u00e1c trg phong\/g\u0111 khac)<\/li>\n<li>VICT : Scott Oh Sang Hoon thay cho Joseph Wann Shang Jye<\/li>\n<\/ol>\n<p align=\"center\"><strong>THAY \u0110\u1ed4i C\u00c1C C\u1ea2NG TH\u00c0NH VI\u00caN VPA N\u0102M 2010\u00a0<\/strong><br \/>\n( c\u1eadp nh\u1eadt 03\/09\/2010)<\/p>\n<p><u><strong>A- V\u1ec1 thay \u0111\u1ed5i ch\u1ee9c v\u1ee5 T\u1ed5ng Gi\u00e1m \u0110\u1ed1c\/ Gi\u00e1m \u0110\u1ed1c\u00a0 c\u00e1c C\u1ea3ng th\u00e0nh vi\u00ean<\/strong><\/u><\/p>\n<ol>\n<li>Ngh\u1ec7 T\u1ec9nh: \u00a0G\u0110 \u00d4ng L\u00ea Do\u00e3n Long, thay \u00d4ng L\u00ea \u0110\u00ecnh Nh\u00e2m (ngh\u0129 h\u01b0u)<\/li>\n<li>C\u1ea3ng \u0110\u1ed3ng Nai: B\u00e0 Nguy\u1ec5n Th\u1ecb B\u1ea1ch Mai: TG\u0110 thay \u00d4ng Nguy\u1ec5n M\u1ea1nh Ti\u1ebfn (ngh\u0129 h\u01b0u)<\/li>\n<li>C\u1ea3ng V\u0129nh Long: T\u1ed5ng G\u0110 \u00d4ng L\u00ea Minh Tr\u00ed thay \u00d4ng Nguy\u1ec5n V\u0103n C\u01b0ng, \u00d4ng Nguy\u1ec5n V\u0103n C\u01b0ng l\u00e0 Ch\u1ee7 t\u1ecbch HDQT<\/li>\n<li>C\u1ea3ng C\u00e1i Cui : \u00d4ng L\u00e2m Ti\u1ebfn D\u0169ng, Gi\u00e1m \u0111\u1ed1c \u00a0thay \u00d4ng B\u00f9i Ti\u1ebfn D\u0169ng (ngh\u0129 h\u01b0u)<\/li>\n<li>C\u1ea3ng K\u1ef3 H\u00e0 Qu\u1ea3ng Nam chuy\u1ec3n \u0111\u1ed5i th\u00e0nh Cty TNHH 1TV C\u1ea3ng K\u1ef3 H\u00e0-Qu\u1ea3ng Nam, \u00d4ng V\u00f5 Ph\u01b0\u1edbc Long l\u00e0 Gi\u00e1m \u0110\u1ed1c.<\/li>\n<li>C\u1ea3ng \u0110\u1ed3ng Th\u00e1p: Ph\u00f3 G\u0110: \u00d4ng Nguy\u1ec5n Ph\u01b0\u1edbc Thi\u1ec7n \u00a0thay\u00a0 \u00d4ng Nguy\u1ec5n H\u1eefu Ph\u01b0\u1edbc xin ngh\u0129.<\/li>\n<li>Cty TNHH 1TV C\u1ea3ng Qu\u1ea3ng B\u00ecnh \u0111\u1ed5i t\u00ean l\u00e0 C\u00f4ng ty CP C\u1ea3ng Qu\u1ea3ng B\u00ecnh. \u00d4ng Tr\u1ea7n Quang Vi\u1ec7n, Ch\u1ee7 t\u1ecbch H\u0110QT ki\u00eam Gi\u00e1m \u0111\u1ed1c<\/li>\n<li>Cty T\u00e2n C\u1ea3ng\u00a0 SG \u0111\u1ed5i th\u00e0nh T\u1ed5ng C\u00f4ng Ty T\u00e2n C\u1ea3ng SG . \u00d4ng Nguy\u1ec5n \u0110\u0103ng Nghi\u00eam: l\u00e0 T\u1ed5ng Gi\u00e1m \u0110\u1ed1c<\/li>\n<\/ol>\n<p><strong><u>B- V\u1ec1 gi\u1ea5y ch\u1ee9ng nh\u1eadn h\u1ed9i vi\u00ean:<\/u><\/strong>\u00a0c\u00f3 5 h\u1ed9i vi\u00ean m\u1edbi nh\u01b0 sau (\u0111\u01b0\u1ee3c c\u1ea5p gi\u1ea5y ch\u1ee9ng nh\u1eadn trong \u0110\u1ea1i h\u1ed9i 7-2010, \u0110\u1ed3 S\u01a1n, H\u1ea3i Ph\u00f2ng)<\/p>\n<ol>\n<li>Cty TNHH MTV C\u1ea3ng V\u0169ng R\u00f4<\/li>\n<li>C\u1ea3ng Qu\u1ed1c t\u1ebf SP-PSA<\/li>\n<li>Cty CP CN t\u00e0u th\u1ee7y v\u00e0 v\u1eadn t\u1ea3i C\u1ea7n Th\u01a1<\/li>\n<li>C\u1ea3ng Interflour C\u00e1i M\u00e9p<\/li>\n<li>C\u1ea3ng Saigon Premier Container Terminal (SPCT)<\/li>\n<li>Cty TNHH C\u1ea3ng Qu\u1ed1c t\u00ea C\u00e1i M\u00e9p (Cai Mep International Terminal), \u00a0vi\u1ebft t\u1eaft l\u00e0 CMIT, k\u1ebft n\u1ea1p theo Quy\u1ebft \u0110\u1ecbnh \u00a0s\u1ed1 0155 ng\u00e0y 10\/5\/2011<\/li>\n<li>Cty TNHH C\u1ea3ng Qu\u1ed1c t\u1ebf T\u00e2n C\u1ea3ng C\u00e1i M\u00e9p ( Tan Cang Cai Mep International Terminal), vi\u1ebft t\u1eaft l\u00e0 TCIT, k\u1ebft n\u1ea1p theo Quy\u1ebft \u0110\u1ecbnh s\u1ed1 0156 ng\u00e0y 15\/06\/2011<\/li>\n<\/ol>\n<p><strong><span style=\"color: #0033ff;\">2007:<\/span><\/strong><\/p>\n<ol>\n<li><strong>C\u1ea3ng B\u00f4ng Sen:\u00a0<\/strong><br \/>\n\u00d4ng Ph\u1ea1m Huy Minh gi\u1eef ch\u1ee9c v\u1ee5 T\u1ed5ng Gi\u00e1m \u0111\u1ed1c C\u00f4ng ty Li\u00ean doanh B\u00f4ng Sen (LOTUS) thay \u00f4ng Mai Xu\u00e2n Thi\u1ec7u chuy\u1ec3n c\u00f4ng t\u00e1c.<\/li>\n<li><strong>C\u00f4ng ty C\u1ed5 ph\u1ea7n V\u1eadn t\u1ea3i bi\u1ec3n \u0110\u00e0 N\u1eb5ng:\u00a0<\/strong><br \/>\n\u00d4ng L\u00ea Vi\u1ebft H\u1ed9i l\u00e0 Ch\u1ee7 t\u1ecbch H\u0110QT ki\u00eam Gi\u00e1m \u0111\u1ed1c C\u00f4ng ty C\u1ed5 ph\u1ea7n V\u1eadn t\u1ea3i bi\u1ec3n \u0110\u00e0 N\u1eb5ng thay \u00f4ng Phan Ho\u00e0i Nguy\u00ean ngh\u1ec9 h\u01b0u.<\/li>\n<li><strong>C\u00f4ng ty C\u1ea3ng v\u00e0 kinh doanh than-TKV :<\/strong><br \/>\n\u00d4ng Nguy\u1ec5n V\u0103n T\u1ee9 \u0111\u01b0\u1ee3c b\u1ed5 nhi\u1ec7m l\u00e0m Gi\u00e1m \u0111\u1ed1c c\u00f4ng ty C\u1ea3ng v\u00e0 kinh doanh than-TKV thay \u00f4ng Do\u00e3n Thi\u1ec7n Ng\u00f4n chuy\u1ec3n c\u00f4ng t\u00e1c.<\/li>\n<\/ol>\n<p><strong><span style=\"color: #0033ff;\">2005:<\/span><\/strong><\/p>\n<ol>\n<li><strong>C\u1ea3ng H\u00e0 T\u0129nh:\u00a0<\/strong><br \/>\n\u00d4ng D\u01b0\u01a1ng Th\u1ebf C\u01b0\u1eddng \u0111\u01b0\u1ee3c b\u1ed5 nhi\u1ec7m l\u00e0m Gi\u00e1m \u0111\u1ed1c v\u00e0o th\u00e1ng 5 thay \u00d4ng Nguy\u1ec5n Nh\u1eadt, chuy\u1ec3n c\u00f4ng t\u00e1c.<\/li>\n<li><strong>C\u1ea3ng Saigon Petro:\u00a0<\/strong><br \/>\n\u00d4ng \u0110\u1eb7ng Vinh Sang \u0111\u01b0\u1ee3c b\u1ed5 nhi\u1ec7m l\u00e0m Gi\u00e1m \u0111\u1ed1c v\u00e0o th\u00e1ng 1 thay \u00d4ng L\u00ea V\u0103n H\u00f2a, chuy\u1ec3n c\u00f4ng t\u00e1c.<\/li>\n<li><strong>C\u1ea3ng C\u1ea7n Th\u01a1:\u00a0<\/strong><br \/>\n\u00d4ng Phan Th\u00e0nh Ti\u1ebfn \u0111\u01b0\u1ee3c b\u1ed5 nhi\u1ec7m l\u00e0m Gi\u00e1m \u0111\u1ed1c thay \u00d4ng Nguy\u1ec5n T\u1ea5n Tr\u00ed.<\/li>\n<li><strong>C\u1ea3ng T\u1ed5ng kho x\u0103ng d\u1ea7u Nh\u00e0 B\u00e8:<\/strong><br \/>\n\u00d4ng Nguy\u1ec5n Danh H\u00f9ng \u0111\u01b0\u1ee3c b\u1ed5 nhi\u1ec7m l\u00e0m Gi\u00e1m \u0111\u1ed1c v\u00e0o th\u00e1ng 7 thay \u00d4ng B\u00f9i C\u00f4ng Ph\u00e1p, ngh\u1ec9 h\u01b0u.<\/li>\n<li><strong>C\u1ea3ng \u0110\u1ed3ng Th\u00e1p:\u00a0<\/strong><br \/>\n\u00d4ng T\u00f4 Ho\u00e0ng V\u0169 \u0111\u01b0\u1ee3c b\u1ed5 nhi\u1ec7m l\u00e0m Gi\u00e1m \u0111\u1ed1c v\u00e0o th\u00e1ng 7 thay \u00d4ng Nguy\u1ec5n V\u0103n Ti\u1ebfn, chuy\u1ec3n c\u00f4ng t\u00e1c.<\/li>\n<\/ol>\n<p><strong><span style=\"color: #0000ff;\">2004:<\/span><\/strong><\/p>\n<ol>\n<li><span style=\"color: #333366;\"><strong>C\u1ea3ng Nha Trang<\/strong>: \u00d4ng Mai Qu\u00fd Nhu \u0111\u01b0\u1ee3c b\u1ed5 nhi\u1ec7m l\u00e0m Gi\u00e1m \u0111\u1ed1c thay \u00d4ng Nguy\u1ec5n Vinh, ngh\u1ec9 h\u01b0u\n<p><\/span><\/li>\n<li><span style=\"color: #333366;\"><strong>C\u1ea3ng M\u1ef9 Tho<\/strong>: \u00d4ng Nguy\u1ec5n Th\u00e0nh C\u00f4ng l\u00e0m Gi\u00e1m \u0111\u1ed1c thay \u00d4ng D\u01b0\u01a1ng Tr\u01b0\u1eddng Tam, chuy\u1ec3n c\u00f4ng t\u00e1c\n<p><\/span><\/li>\n<li><span style=\"color: #333366;\"><strong>Th\u01b0\u01a1ng c\u1ea3ng V\u0169ng T\u00e0u<\/strong>: \u00d4ng L\u00ea V\u0103n Kh\u00e1ng l\u00e0m T\u1ed5ng Gi\u00e1m \u0111\u1ed1c thay \u00d4ng Ph\u1ea1m Ng\u1ecdc Th\u01b0\u1edfng ngh\u1ec9 d\u01b0\u1ee1ng b\u1ec7nh.<\/span><\/li>\n<\/ol>\n<p><span style=\"color: #0000ff;\"><strong>2003:<\/strong><\/span><\/p>\n<ol>\n<li><span style=\"color: #333366;\"><strong>C\u1ea3ng Qu\u1ea3ng B\u00ecnh<\/strong>: \u00d4ng Tr\u1ea7n Quang Vi\u1ec7n nguy\u00ean Ph\u00f3 Gi\u00e1m \u0111\u1ed1c c\u1ea3ng l\u00e0m Gi\u00e1m \u0111\u1ed1c k\u1ec3 t\u1eeb th\u00e1ng 12\/2002 thay \u00d4ng Phan Thanh H\u1ea1, h\u01b0u tr\u00ed.\n<p><\/span><\/li>\n<li><span style=\"color: #333366;\"><strong>C\u1ea3ng S\u00e0i G\u00f2n<\/strong>: \u00d4ng L\u00ea C\u00f4ng Minh, nguy\u00ean Ph\u00f3 T\u1ed5ng gi\u00e1m \u0111\u1ed1c l\u00e0m T\u1ed5ng Gi\u00e1m \u0111\u1ed1c k\u1ec3 t\u1eeb th\u00e1ng 1\/2003 thay \u00d4ng Tr\u1ea7n V\u0103n On, nay l\u00e0 \u1ee6y vi\u00ean H\u1ed9i \u0111\u1ed3ng Qu\u1ea3n tr\u1ecb TCT H\u00e0ng h\u1ea3i VN, c\u1ed1 v\u1ea5n C\u1ea3ng S\u00e0i G\u00f2n v\u00e0 Ph\u00f3 ban qu\u1ea3n l\u00fd d\u1ef1 \u00e1n c\u1ea3ng V\u0103n Phong c\u1ee7a TCT H\u00e0ng h\u1ea3i VN.\n<p><\/span><\/li>\n<li><span style=\"color: #333366;\"><strong>C\u1ea3ng B\u1ebfn Ngh\u00e9<\/strong>: \u00d4ng Nguy\u1ec5n Tr\u1ecdng C\u1eebu nguy\u00ean Ph\u00f3 Gi\u00e1m \u0111\u1ed1c l\u00e0m Gi\u00e1m \u0111\u1ed1c k\u1ec3 t\u1eeb th\u00e1ng 8\/2003 thay \u00d4ng L\u00ea Minh Th\u00f9ng, h\u01b0u tr\u00ed.\n<p><\/span><\/li>\n<li><span style=\"color: #333366;\"><strong>C\u1ea3ng C\u1ea7n Th\u01a1<\/strong>: \u0111\u01b0\u1ee3c s\u00e1t nh\u1eadp v\u00e0o C\u1ea3ng S\u00e0i G\u00f2n: \u00d4ng Nguy\u1ec5n T\u1ea5n Tr\u00ed, Ph\u00f3 T\u1ed5ng gi\u00e1m \u0111\u1ed1c C\u1ea3ng S\u00e0i G\u00f2n ki\u00eam nhi\u1ec7m Gi\u00e1m \u0111\u1ed1c C\u1ea3ng C\u1ea7n Th\u01a1.\n<p><\/span><\/li>\n<li><span style=\"color: #333366;\"><strong>C\u1ea3ng V\u0129nh Long<\/strong>: \u00d4ng V\u00f5 V\u0103n Danh, nguy\u00ean Ph\u00f3 gi\u00e1m \u0111\u1ed1c Cty Du l\u1ecbch C\u1eedu Long, l\u00e0m Gi\u00e1m \u0111\u1ed1c thay th\u1ebf \u00d4ng B\u00f9i Minh Th\u1ea3o, huu tr\u00ed.\u00a0<\/span><\/li>\n<\/ol>\n","protected":false},"excerpt":{"rendered":"<p>THAY \u0110\u1ed4i C\u00c1C C\u1ea2NG TH\u00c0NH VI\u00caN VPA N\u0102M 2013 C\u1ea3ng Qu\u1ea3ng Ninh: \u00d4ng B\u00f9i Quang \u0110\u1ea1o, thay th\u1ebf \u00f4ng V\u0169 Kh\u1eafc T\u1eeb. C\u1ea3ng x\u0103ng d\u1ea7u B12: \u00d4ng Ph\u1ea1m Minh \u0110\u1ee9c thay th\u1ebf \u00f4ng L\u1ea1i M\u1ea1nh H\u00f9ng C\u1ea3ng C\u1eeda Vi\u1ec7t: \u00d4ng Ho\u00e0ng \u0110\u1ee9c Chung\u00a0thay th\u1ebf \u00f4ng Nguy\u1ec5n V\u0103n \u0110\u1ecbnh C\u1ea3ng 9 S\u00f4ng H\u00e0n\u00a0(Da Nang Shipping JSC): &hellip;<\/p>\n","protected":false},"author":1,"featured_media":0,"parent":0,"menu_order":0,"comment_status":"closed","ping_status":"closed","template":"","meta":{"footnotes":""},"class_list":["post-2461","page","type-page","status-publish",""],"_links":{"self":[{"href":"http:\/\/www.vpa.org.vn\/vn\/wp-json\/wp\/v2\/pages\/2461"}],"collection":[{"href":"http:\/\/www.vpa.org.vn\/vn\/wp-json\/wp\/v2\/pages"}],"about":[{"href":"http:\/\/www.vpa.org.vn\/vn\/wp-json\/wp\/v2\/types\/page"}],"author":[{"embeddable":true,"href":"http:\/\/www.vpa.org.vn\/vn\/wp-json\/wp\/v2\/users\/1"}],"replies":[{"embeddable":true,"href":"http:\/\/www.vpa.org.vn\/vn\/wp-json\/wp\/v2\/comments?post=2461"}],"version-history":[{"count":1,"href":"http:\/\/www.vpa.org.vn\/vn\/wp-json\/wp\/v2\/pages\/2461\/revisions"}],"predecessor-version":[{"id":2462,"href":"http:\/\/www.vpa.org.vn\/vn\/wp-json\/wp\/v2\/pages\/2461\/revisions\/2462"}],"wp:attachment":[{"href":"http:\/\/www.vpa.org.vn\/vn\/wp-json\/wp\/v2\/media?parent=2461"}],"curies":[{"name":"wp","href":"https:\/\/api.w.org\/{rel}","templated":true}]}}