{"id":2552,"date":"2017-07-10T10:30:03","date_gmt":"2017-07-10T03:30:03","guid":{"rendered":"http:\/\/www.vpa.org.vn\/vn\/?page_id=2552"},"modified":"2019-11-11T10:12:47","modified_gmt":"2019-11-11T03:12:47","slug":"doi-hoi-hoi-nghi-thuong-nien-vpa","status":"publish","type":"page","link":"http:\/\/www.vpa.org.vn\/vn\/hoat-dong-cua-vpa\/doi-hoi-hoi-nghi-thuong-nien-vpa\/","title":{"rendered":"\u0110\u1ea0I H\u1ed8I &#038; H\u1ed8I NGH\u1eca TH\u01af\u1edcNG NI\u00caN VPA"},"content":{"rendered":"[vc_row][vc_column][vc_column_text]\n<p style=\"text-align: center;\"><strong>\u0110\u1ea0I H\u1ed8I &amp;\u00a0<\/strong><strong>H\u1ed8I NGH\u1eca TH\u01af\u1edcNG NI\u00caN VPA<\/strong><\/p>\n[\/vc_column_text][\/vc_column][\/vc_row][vc_row][vc_column width=&#8221;1\/2&#8243;][vc_column_text]<strong>H\u1ed9i ngh\u1ecb th\u01b0\u1eddng ni\u00ean<\/strong>\u00a0<strong>2016<\/strong><strong><br \/>\n<\/strong><em>22\/09\/2016 \u2013 Tp. H\u1ea1 Long, Qu\u1ea3ng Ninh<\/em><br \/>\n<a href=\"http:\/\/old.vpa.org.vn\/vn\/hdong\/2016\/vpa%20HNTN%202016%20Bien%20ban%20Nghi%20quyet.docx\">Bi\u00ean b\u1ea3n v\u00e0 ngh\u1ecb quy\u1ebft\u00a0<\/a><br \/>\n<a href=\"http:\/\/old.vpa.org.vn\/vn\/hdong\/2016\/1.%20VPA%20HNTN%202016%20bc%20cua%20BCH.docx\">B\u00e1o c\u00e1o Ban ch\u1ea5p h\u00e0nh<\/a><br \/>\n<a href=\"http:\/\/old.vpa.org.vn\/vn\/hdong\/2016\/10.%20vpa%20HNTN%202016%20bc%20BTK.docx\">B\u00e1o c\u00e1o Ban th\u01b0 k\u00fd\u00a0<\/a><br \/>\n<a href=\"http:\/\/old.vpa.org.vn\/vn\/hdong\/2016\/11.%20vpa%20HNTN%202016%20kien%20nghi%20final.docx\">Ki\u1ebfn ngh\u1ecb<\/a>[\/vc_column_text][\/vc_column][vc_column width=&#8221;1\/2&#8243;][vc_column_text]<strong>H\u1ed9i ngh\u1ecb th\u01b0\u1eddng ni\u00ean<\/strong>\u00a0<strong>2017<\/strong><strong><br \/>\n<\/strong><em>14\/9\/2017 \u2013 \u0110\u00e0 N\u1eb5ng<\/em><br \/>\n<a href=\"http:\/\/www.vpa.org.vn\/vn\/wp-content\/uploads\/2017\/07\/2017-NGHI-QUYET.docx\">Bi\u00ean b\u1ea3n v\u00e0 ngh\u1ecb quy\u1ebft\u00a0<\/a><br \/>\n<a href=\"http:\/\/www.vpa.org.vn\/vn\/wp-content\/uploads\/2017\/07\/2017-BAN-CHAP-HANH.docx\">B\u00e1o c\u00e1o Ban ch\u1ea5p h\u00e0nh<\/a><br \/>\n<a href=\"http:\/\/www.vpa.org.vn\/vn\/wp-content\/uploads\/2017\/07\/2019-BAN-THU-KY.docx\">B\u00e1o c\u00e1o Ban th\u01b0 k\u00fd\u00a0<\/a><br \/>\n<a href=\"http:\/\/www.vpa.org.vn\/vn\/wp-content\/uploads\/2017\/07\/2017-KIEN-NGHI.docx\">Ki\u1ebfn ngh\u1ecb<\/a>[\/vc_column_text][\/vc_column][\/vc_row][vc_row 0=&#8221;&#8221;][vc_column][vc_column_text 0=&#8221;&#8221;]\n<div class=\"table-responsive\">\n<table class=\"table table-bordered\">\n<tbody>\n<tr>\n<td>\n<table>\n<tbody>\n<tr>\n<td><strong>H\u1ed9i ngh\u1ecb th\u01b0\u1eddng ni\u00ean<\/strong>\u00a0<strong>2014 &amp; K\u1ef7 ni\u1ec7m 20 n\u0103m th\u00e0nh l\u1eadp<\/strong><strong><br \/>\n<\/strong><em>17-19\/09\/2014 \u2013 Tp. Vinh, Ngh\u1ec7 An<\/em><br \/>\n<a href=\"http:\/\/old.vpa.org.vn\/vn\/hdong\/2014\/vpa%20HNTN%202014%20Bien%20ban%20%20Nghi%20quyet.doc\">Bi\u00ean b\u1ea3n v\u00e0 ngh\u1ecb quy\u1ebft<\/a><br \/>\n<a href=\"http:\/\/old.vpa.org.vn\/vn\/hdong\/2014\/VPA%20HNTN%202014%20bc%20cua%20BCH.doc\">B\u00e1o c\u00e1o Ban ch\u1ea5p h\u00e0nh<\/a><br \/>\n<a href=\"http:\/\/old.vpa.org.vn\/vn\/hdong\/2014\/vpa%20HNTN%202014%20bc%20BTK.doc\">B\u00e1o c\u00e1o Ban th\u01b0 k\u00fd<\/a><\/td>\n<td><strong>\u0110\u1ea1i H\u1ed9i VPA l\u1ea7n th\u1ee9 8<br \/>\n<\/strong><em>15-16\/10\/2015\u2013 TP. C\u1ea7n Th\u01a1\u00a0<\/em><br \/>\n<a href=\"http:\/\/old.vpa.org.vn\/vn\/hdong\/2015\/vpa%20DH8%202015%20Bien%20ban%20Nghi%20quyet.doc\">Bi\u00ean b\u1ea3n v\u00e0 ngh\u1ecb quy\u1ebft<\/a><br \/>\n<a href=\"http:\/\/old.vpa.org.vn\/vn\/hdong\/2015\/2.%20VPA%20DH8%202015%20bc%20cua%20BCH.doc\">B\u00e1o c\u00e1o Ban ch\u1ea5p h\u00e0nh<\/a><br \/>\n<a href=\"http:\/\/old.vpa.org.vn\/vn\/hdong\/2015\/3.%20vpa%20DH8%202015%20bc%20BTK.doc\">B\u00e1o c\u00e1o Ban th\u01b0 k\u00fd<\/a><\/td>\n<\/tr>\n<tr>\n<td><strong>H\u1ed9i ngh\u1ecb th\u01b0\u1eddng ni\u00ean<\/strong>\u00a0<strong>2012<br \/>\n<\/strong><em>21-22\/08\/2012 \u2013 Tp. \u0110\u00e0 N\u1eb5ng<\/em><br \/>\n<a href=\"http:\/\/old.vpa.org.vn\/vn\/hdong\/VPA%20HNTT%202012%20Bien%20ban%20Nghi%20quyet.pdf\">Bi\u00ean b\u1ea3n v\u00e0 ngh\u1ecb quy\u1ebft\u00a0<\/a><br \/>\n<a href=\"http:\/\/old.vpa.org.vn\/vn\/hdong\/VPA%20HNTT%202012%20Bien%20ban%20Ban%20chap%20Hanh.pdf\">B\u00e1o c\u00e1o Ban ch\u1ea5p h\u00e0nh<\/a><br \/>\n<a href=\"http:\/\/old.vpa.org.vn\/vn\/hdong\/VPA%20HNTT%202012%20Bien%20ban%20Ban%20Thu%20Ky.pdf\">B\u00e1o c\u00e1o Ban th\u01b0 k\u00fd<\/a><\/td>\n<td><strong>H\u1ed9i ngh\u1ecb th\u01b0\u1eddng ni\u00ean<\/strong>\u00a0<strong>2013<\/strong><strong><br \/>\n<\/strong><em>11-12\/09\/2013 \u2013 Tp. H\u1ea1 Long<\/em><br \/>\n<a href=\"http:\/\/old.vpa.org.vn\/vn\/hdong\/2013\/vpa%20HNTN%202013%20Bien%20ban%20%20Nghi%20quyet.doc\">Bi\u00ean b\u1ea3n v\u00e0 ngh\u1ecb quy\u1ebft<\/a><br \/>\n<a href=\"http:\/\/old.vpa.org.vn\/vn\/hdong\/2013\/1.%20VPA%20HNTN%202013%20bc%20cua%20BCH%202.doc\">B\u00e1o c\u00e1o Ban ch\u1ea5p h\u00e0nh<\/a><br \/>\n<a href=\"http:\/\/old.vpa.org.vn\/vn\/hdong\/2013\/2.%20vpa%20HNTN%202013%20bc%20BTK.doc\">B\u00e1o c\u00e1o Ban th\u01b0 k\u00fd<\/a><\/td>\n<\/tr>\n<tr>\n<td><strong>\u0110\u1ea1i H\u1ed9i VPA l\u1ea7n th\u1ee9 7<\/strong><br \/>\n<em>08-09\/09\/2010 \u2013 \u0110\u1ed3 S\u01a1n, H\u1ea3i Ph\u00f2ng<\/em><br \/>\n<a href=\"http:\/\/old.vpa.org.vn\/vn\/hdong\/ac_list_2010.htm\">Danh s\u00e1ch \u0111\u1ea1i bi\u1ec3u<\/a><a href=\"http:\/\/old.vpa.org.vn\/vn\/hdong\/ac_report2010.htm\"><br \/>\nBi\u00ean b\u1ea3n v\u00e0 ngh\u1ecb quy\u1ebft<\/a><a href=\"http:\/\/old.vpa.org.vn\/vn\/hdong\/ac_report2007.htm\"><br \/>\n<\/a><a href=\"http:\/\/old.vpa.org.vn\/vn\/hdong\/baocao2010.htm\">B\u00e1o c\u00e1o c\u1ee7a Ban Ch\u1ea5p H\u00e0nh<\/a><a href=\"http:\/\/old.vpa.org.vn\/vn\/hdong\/baocao2007-bgtvt.htm\"><br \/>\n<\/a><a href=\"http:\/\/old.vpa.org.vn\/vn\/hdong\/kiennghi2010.htm\">Ki\u1ebfn ngh\u1ecb<\/a><a href=\"http:\/\/old.vpa.org.vn\/vn\/hdong\/baocao2007-bgtvt.htm\"><br \/>\n<\/a>Tham lu\u1eadn:<\/td>\n<td><strong>H\u1ed9i ngh\u1ecb th\u01b0\u1eddng ni\u00ean<\/strong>\u00a0<strong>2011<br \/>\n<\/strong><em>Ng\u00e0y 16\/09\/2011 \u2013 Tp. H\u1ed3 Ch\u00ed Minh\u00a0<\/em><br \/>\n<a href=\"http:\/\/old.vpa.org.vn\/vn\/hdong\/vpaHNTN2011Nghiquyet.pdf\">Bi\u00ean b\u1ea3n v\u00e0 ngh\u1ecb quy\u1ebft\u00a0<\/a><br \/>\n<a href=\"http:\/\/old.vpa.org.vn\/vn\/hdong\/VPA%20HNTN%202011%20bc%20cua%20BCH%20khoa%207.pdf\">B\u00e1o c\u00e1o Ban ch\u1ea5p h\u00e0nh\u00a0<\/a><br \/>\n<a href=\"http:\/\/old.vpa.org.vn\/vn\/hdong\/vpaHNTN2011bcBTK.pdf\">B\u00e1o c\u00e1o Ban th\u01b0 k\u00fd<\/a><\/td>\n<\/tr>\n<tr>\n<td><strong>H\u1ed9i ngh\u1ecb th\u01b0\u1eddng ni\u00ean<\/strong>\u00a0<strong>2008<\/strong><br \/>\n<em>September 10-12, 2008 \u2013 Nha Trang City<\/em><br \/>\n<a href=\"http:\/\/old.vpa.org.vn\/vn\/hdong\/ac_report2008.htm\">Bi\u00ean b\u1ea3n v\u00e0 ngh\u1ecb quy\u1ebft\u00a0<\/a><br \/>\n<a href=\"http:\/\/old.vpa.org.vn\/vn\/hdong\/baocao2008.htm\">B\u00e1o c\u00e1o Ban ch\u1ea5p h\u00e0nh<\/a><br \/>\n<a href=\"http:\/\/old.vpa.org.vn\/vn\/hdong\/baocao2008-banthuky.htm\">B\u00e1o c\u00e1o Ban th\u01b0 k\u00fd<\/a><br \/>\nPh\u00e1t bi\u1ec3u:<br \/>\n&#8211;\u00a0<a href=\"http:\/\/old.vpa.org.vn\/vn\/hdong\/tluan_bgtvt-2008.htm\">B\u1ed9 giao th\u00f4ng v\u1eadn t\u1ea3i<\/a><br \/>\n&#8211;\u00a0<a href=\"http:\/\/old.vpa.org.vn\/vn\/hdong\/tluan_VIFFAS-2008.htm\">Hi\u1ec7p h\u1ed9i VIFFAS<\/a><br \/>\n&#8211;\u00a0<a href=\"http:\/\/old.vpa.org.vn\/vn\/hdong\/tluan_ubndkhanhhoa-2008.htm\">UBND t\u1ec9nh Kh\u00e1nh Ho\u00e0<\/a><br \/>\n&#8211;\u00a0<a href=\"http:\/\/old.vpa.org.vn\/vn\/hdong\/tluan_tctyhhvn-2008.htm\">T\u1ed5ng Cty H\u00e0ng h\u1ea3i Vi\u1ec7t Nam<\/a><\/td>\n<td><strong>H\u1ed9i ngh\u1ecb th\u01b0\u1eddng ni\u00ean<\/strong>\u00a0<strong>2009<\/strong><br \/>\n<em>9 &#8211; 11\/9\/2009 \u2013 Tp. Phan Thi\u00eat\u00a0<\/em><br \/>\n<a href=\"http:\/\/old.vpa.org.vn\/vn\/hdong\/ac_list_2009.htm\">Danh s\u00e1ch \u0111\u1ea1i bi\u1ec3u<\/a><a href=\"http:\/\/old.vpa.org.vn\/vn\/hdong\/ac_report2009.htm\"><br \/>\nBi\u00ean b\u1ea3n v\u00e0 ngh\u1ecb quy\u1ebft\u00a0<\/a><br \/>\n<a href=\"http:\/\/old.vpa.org.vn\/vn\/hdong\/baocao2009.htm\">B\u00e1o c\u00e1o Ban ch\u1ea5p h\u00e0nh<\/a><br \/>\n<a href=\"http:\/\/old.vpa.org.vn\/vn\/hdong\/baocao2009-banthuky.htm\">B\u00e1o c\u00e1o Ban th\u01b0 k\u00fd<\/a><br \/>\n<a href=\"http:\/\/old.vpa.org.vn\/vn\/hdong\/kiennghi2009.htm\">Ki\u1ebfn ngh\u1ecb<\/a><\/td>\n<\/tr>\n<tr>\n<td><strong>H\u1ed9i ngh\u1ecb th\u01b0\u1eddng ni\u00ean 2005<\/strong><br \/>\n<em>28 &#8211; 29 th\u00e1ng 7 n\u0103m 2005<br \/>\nTh\u00e0nh ph\u1ed1 H\u1ea1 long, t\u1ec9nh Qu\u1ea3ng Ninh<\/em><br \/>\n<a href=\"http:\/\/old.vpa.org.vn\/vn\/hdong\/ac_list_2005.htm\">Danh s\u00e1ch \u0111\u1ea1i bi\u1ec3u<\/a><br \/>\n<a href=\"http:\/\/old.vpa.org.vn\/vn\/hdong\/ac_bud_2005.jsp\">Ng\u00e2n s\u00e1ch 2005<\/a><br \/>\nB\u00e1o c\u00e1o n\u0103m 2003<\/td>\n<td><strong>\u0110\u1ea1i H\u1ed9i VPA l\u1ea7n th\u1ee9 6\u00a0<\/strong><br \/>\n<em>09\/11\/2007 \u2013 Tp. V\u0169ng T\u00e0u<\/em><br \/>\n<a href=\"http:\/\/old.vpa.org.vn\/vn\/hdong\/ac_list_2007.htm\">Danh s\u00e1ch \u0111\u1ea1i bi\u1ec3u<\/a><br \/>\n<a href=\"http:\/\/old.vpa.org.vn\/vn\/hdong\/ac_report2007.htm\">Bi\u00ean b\u1ea3n v\u00e0 ngh\u1ecb quy\u1ebft<br \/>\n<\/a><a href=\"http:\/\/old.vpa.org.vn\/vn\/hdong\/baocao2007.htm\">B\u00e1o c\u00e1o n\u0103m 2007<\/a><a href=\"http:\/\/old.vpa.org.vn\/vn\/hdong\/baocao2007-bgtvt.htm\"><br \/>\nB\u00e1o c\u00e1o c\u1ee7a l\u00e3nh \u0111\u1ea1o B\u1ed9 GTVT<br \/>\n<\/a>Tham lu\u1eadn:<br \/>\n&#8211;\u00a0<a href=\"http:\/\/old.vpa.org.vn\/vn\/hdong\/tluan_danang.htm\">C\u1ea3ng \u0110\u00e0 N\u1eb5ng<\/a><br \/>\n&#8211;\u00a0<a href=\"http:\/\/old.vpa.org.vn\/vn\/hdong\/tluan_phumy.htm\">C\u1ea3ng Ph\u00fa M\u1ef9<\/a><br \/>\n&#8211;\u00a0<a href=\"http:\/\/old.vpa.org.vn\/vn\/hdong\/tluan_campha.htm\">C\u1ea3ng C\u1ea9m Ph\u1ea3<\/a><br \/>\n&#8211;\u00a0<a href=\"http:\/\/old.vpa.org.vn\/vn\/hdong\/tluan_quangninh.htm\">C\u1ea3ng Qu\u1ea3ng Ninh<\/a><a href=\"http:\/\/old.vpa.org.vn\/vn\/hdong\/tluan_haihpong.htm\"><br \/>\n&#8211; C\u1ea3ng H\u1ea3i Ph\u00f2ng<\/a><br \/>\n&#8211;\u00a0<a href=\"http:\/\/old.vpa.org.vn\/vn\/hdong\/tluan_tancang.htm\">T\u00e2n C\u1ea3ng S\u00e0i G\u00f2n<\/a><br \/>\n&#8211;\u00a0<a href=\"http:\/\/old.vpa.org.vn\/vn\/hdong\/tluan_cantho.htm\">C\u1ea3ng C\u1ea7n Th\u01a1<\/a><br \/>\n&#8211;\u00a0<a href=\"http:\/\/old.vpa.org.vn\/vn\/hdong\/tluan_quinhon.htm\">C\u1ea3ng Qui Nh\u01a1n<\/a><br \/>\n&#8211;\u00a0<a href=\"http:\/\/old.vpa.org.vn\/vn\/hdong\/tluan_nhabe.htm\">C\u1ea3ng X\u0103ng D\u1ea7u Nh\u00e0 B\u00e8\u00a0<\/a><br \/>\n&#8211;\u00a0<a href=\"http:\/\/old.vpa.org.vn\/vn\/hdong\/tluan_lotus.htm\">C\u1ea3ng Lotus<\/a><\/td>\n<\/tr>\n<tr>\n<td><strong>H\u1ed9i ngh\u1ecb th\u01b0\u1eddng ni\u00ean 2003<\/strong><br \/>\n<em>26 &#8211; 27 th\u00e1ng 8 n\u0103m 2003<br \/>\nTh\u00e0nh ph\u1ed1 Quy Nh\u01a1n, t\u1ec9nh B\u00ecnh \u0110\u1ecbnh<\/em><br \/>\n<a href=\"http:\/\/old.vpa.org.vn\/vn\/hdong\/ac_list_2003.htm\">Danh s\u00e1ch \u0111\u1ea1i bi\u1ec3u<\/a><br \/>\n<a href=\"http:\/\/old.vpa.org.vn\/vn\/hdong\/ac_bud_2003.jsp\">Ng\u00e2n s\u00e1ch 2003<\/a><br \/>\n<a href=\"http:\/\/old.vpa.org.vn\/vn\/hdong\/ac_report2003.htm\">B\u00e1o c\u00e1o n\u0103m 2003<\/a><\/td>\n<td><strong>\u0110\u1ea1i H\u1ed9i VPA l\u1ea7n th\u1ee9 5<\/strong><br \/>\n<em>08 &#8211; 09 th\u00e1ng 11 n\u0103m 2004<br \/>\nTh\u00e0nh ph\u1ed1 C\u1ea7n Th\u01a1<\/em><br \/>\n<a href=\"http:\/\/old.vpa.org.vn\/vn\/hdong\/ac_list_2004.htm\">Danh s\u00e1ch \u0111\u1ea1i bi\u1ec3u<\/a><br \/>\n<a href=\"http:\/\/old.vpa.org.vn\/vn\/hdong\/ac_report2004.htm\">Bi\u00ean b\u1ea3n v\u00e0 ngh\u1ecb quy\u1ebft<\/a><br \/>\nNg\u00e2n s\u00e1ch 2004<\/td>\n<\/tr>\n<tr>\n<td><strong>\u0110\u1ea1i h\u1ed9i VPA l\u1ea7n th\u1ee9 4\u00a0<\/strong><br \/>\n<em>29 &#8211; 30 th\u00e1ng 11 n\u0103m 2001<br \/>\nTh\u00e0nh ph\u1ed1 Phan Thi\u1ebft, T\u1ec9nh B\u00ecnh Thu\u1eadn<br \/>\n<\/em><a href=\"http:\/\/old.vpa.org.vn\/vn\/hdong\/ac_list_2001.htm\">Danh s\u00e1ch \u0111\u1ea1i bi\u1ec3u<\/a><br \/>\n<a href=\"http:\/\/old.vpa.org.vn\/vn\/hdong\/ac_bud_2001.jsp\">Ng\u00e2n s\u00e1ch 2001<\/a><br \/>\n<a href=\"http:\/\/old.vpa.org.vn\/vn\/hdong\/ac_report2001.htm\">B\u1ea3n ngh\u1ecb quy\u1ebft 2001<\/a><\/td>\n<td><strong>H\u1ed9i ngh\u1ecb th\u01b0\u1eddng ni\u00ean 2002<\/strong><br \/>\n<em>07 &#8211; 08 th\u00e1ng 7 2002<br \/>\nTh\u00e0nh ph\u1ed1 Vinh, T\u1ec9nh Ngh\u1ec7 T\u0129nh<\/em><br \/>\n<a href=\"http:\/\/old.vpa.org.vn\/vn\/hdong\/ac_list_2002.htm\">Danh s\u00e1ch \u0111\u1ea1i bi\u1ec3u<\/a><br \/>\n<a href=\"http:\/\/old.vpa.org.vn\/vn\/hdong\/ac_bud_2002.jsp\">Ng\u00e2n s\u00e1ch 2002<\/a><br \/>\n<a href=\"http:\/\/old.vpa.org.vn\/vn\/hdong\/ac_report2002.htm\">B\u1ea3n b\u00e1o c\u00e1o 2002<\/a><\/td>\n<\/tr>\n<tr>\n<td><strong>\u0110\u1ea1i h\u1ed9i VPA l\u1ea7n th\u1ee9 3\u00a0<\/strong><br \/>\n<em>05- 06 Th\u00e1ng 11 1999<br \/>\nTh\u00e0nh ph\u1ed1 \u0110\u00e0 L\u1ea1t<\/em><br \/>\n<a href=\"http:\/\/old.vpa.org.vn\/vn\/hdong\/ac_list_1999.htm\">Danh s\u00e1ch \u0111\u1ea1i bi\u1ec3u<\/a><br \/>\n<a href=\"http:\/\/old.vpa.org.vn\/vn\/hdong\/ac_bud_1999.jsp\">Ng\u00e2n s\u00e1ch n\u0103m 1999<\/a><br \/>\n<a href=\"http:\/\/old.vpa.org.vn\/vn\/hdong\/ac_report1999.htm\">B\u1ea3n ngh\u1ecb quy\u1ebft 1999<\/a><\/td>\n<td><strong>H\u1ed9i ngh\u1ecb th\u01b0\u1eddng ni\u00ean 2000<\/strong><br \/>\n<em>03 &#8211; 04 Th\u00e1ng 11 2000<br \/>\nTh\u00e0nh ph\u1ed1 H\u1ea1 Long, T\u1ec9nh Qu\u1ea3ng Ninh<\/em><br \/>\n<a href=\"http:\/\/old.vpa.org.vn\/vn\/hdong\/ac_list_2000.htm\">Danh s\u00e1ch \u0111\u1ea1i bi\u1ec3u<\/a><br \/>\n<a href=\"http:\/\/old.vpa.org.vn\/vn\/hdong\/ac_bud_2000.jsp\">Ng\u00e2n s\u00e1ch n\u0103m 2000<\/a><br \/>\n<a href=\"http:\/\/old.vpa.org.vn\/vn\/hdong\/ac_report2000.htm\">B\u1ea3n ngh\u1ecb quy\u1ebft 2000<\/a><\/td>\n<\/tr>\n<\/tbody>\n<\/table>\n<\/td>\n<\/tr>\n<\/tbody>\n<\/table>\n<\/div>\n[\/vc_column_text][\/vc_column][\/vc_row]\n","protected":false},"excerpt":{"rendered":"<p>[vc_row][vc_column][vc_column_text] \u0110\u1ea0I H\u1ed8I &amp;\u00a0H\u1ed8I NGH\u1eca TH\u01af\u1edcNG NI\u00caN VPA [\/vc_column_text][\/vc_column][\/vc_row][vc_row][vc_column width=&#8221;1\/2&#8243;][vc_column_text]H\u1ed9i ngh\u1ecb th\u01b0\u1eddng ni\u00ean\u00a02016 22\/09\/2016 \u2013 Tp. H\u1ea1 Long, Qu\u1ea3ng Ninh Bi\u00ean b\u1ea3n v\u00e0 ngh\u1ecb quy\u1ebft\u00a0 B\u00e1o c\u00e1o Ban ch\u1ea5p h\u00e0nh B\u00e1o c\u00e1o Ban th\u01b0 k\u00fd\u00a0 Ki\u1ebfn ngh\u1ecb[\/vc_column_text][\/vc_column][vc_column width=&#8221;1\/2&#8243;][vc_column_text]H\u1ed9i ngh\u1ecb th\u01b0\u1eddng ni\u00ean\u00a02017 14\/9\/2017 \u2013 \u0110\u00e0 N\u1eb5ng Bi\u00ean b\u1ea3n v\u00e0 ngh\u1ecb quy\u1ebft\u00a0 B\u00e1o c\u00e1o Ban ch\u1ea5p h\u00e0nh &hellip;<\/p>\n","protected":false},"author":1,"featured_media":0,"parent":32,"menu_order":0,"comment_status":"closed","ping_status":"closed","template":"","meta":{"footnotes":""},"class_list":["post-2552","page","type-page","status-publish",""],"_links":{"self":[{"href":"http:\/\/www.vpa.org.vn\/vn\/wp-json\/wp\/v2\/pages\/2552"}],"collection":[{"href":"http:\/\/www.vpa.org.vn\/vn\/wp-json\/wp\/v2\/pages"}],"about":[{"href":"http:\/\/www.vpa.org.vn\/vn\/wp-json\/wp\/v2\/types\/page"}],"author":[{"embeddable":true,"href":"http:\/\/www.vpa.org.vn\/vn\/wp-json\/wp\/v2\/users\/1"}],"replies":[{"embeddable":true,"href":"http:\/\/www.vpa.org.vn\/vn\/wp-json\/wp\/v2\/comments?post=2552"}],"version-history":[{"count":5,"href":"http:\/\/www.vpa.org.vn\/vn\/wp-json\/wp\/v2\/pages\/2552\/revisions"}],"predecessor-version":[{"id":2891,"href":"http:\/\/www.vpa.org.vn\/vn\/wp-json\/wp\/v2\/pages\/2552\/revisions\/2891"}],"up":[{"embeddable":true,"href":"http:\/\/www.vpa.org.vn\/vn\/wp-json\/wp\/v2\/pages\/32"}],"wp:attachment":[{"href":"http:\/\/www.vpa.org.vn\/vn\/wp-json\/wp\/v2\/media?parent=2552"}],"curies":[{"name":"wp","href":"https:\/\/api.w.org\/{rel}","templated":true}]}}