{"id":2569,"date":"2017-07-10T10:39:26","date_gmt":"2017-07-10T03:39:26","guid":{"rendered":"http:\/\/www.vpa.org.vn\/vn\/?page_id=2569"},"modified":"2017-07-10T10:39:26","modified_gmt":"2017-07-10T03:39:26","slug":"dien-van","status":"publish","type":"page","link":"http:\/\/www.vpa.org.vn\/vn\/hoat-dong-cua-vpa\/dien-van\/","title":{"rendered":"Di\u1ec5n v\u0103n"},"content":{"rendered":"<p style=\"text-align: center;\">THAM LU\u1eacN<br \/>\nC\u1ee6A C\u1ee4C TR\u01af\u1edeNG C\u1ee4C H\u00c0NG H\u1ea2I VI\u1ec6T NAM<br \/>\nT\u1ea1i \u0110\u1ea1i h\u1ed9i L\u1ea7n th\u1ee9 IV Hi\u1ec7p h\u1ed9i C\u1ea3ng bi\u1ec3n Vi\u1ec7t Nam<br \/>\nPhan Thi\u1ebft &#8211; B\u00ecnh Thu\u1eadn<br \/>\n29-30 \/11 \/2001<\/p>\n<p>K\u00ednh th\u01b0a c\u00e1c Qu\u00fd v\u1ecb \u0111\u1ea1i bi\u1ec3u<br \/>\nK\u00ednh th\u01b0a Qu\u00fd B\u00e0, Qu\u00fd \u00d4ng<\/p>\n<p>Tr\u01b0\u1edbc h\u1ebft, cho ph\u00e9p t\u00f4i \u0111\u01b0\u1ee3c n\u00f3i l\u1eddi c\u1ea3m \u01a1n t\u1edbi Ban t\u1ed5 ch\u1ee9c H\u1ed9i ngh\u1ecb \u0111\u00e3 m\u1eddi v\u00e0 d\u00e0nh cho t\u00f4i c\u01a1 h\u1ed9i \u0111\u01b0\u1ee3c ph\u00e1t bi\u1ec3u t\u1ea1i m\u1ed9t h\u1ed9i ngh\u1ecb quan tr\u1ecdng n\u00e0y. T\u00f4i c\u00f3 r\u1ea5t nhi\u1ec1u \u0111i\u1ec1u mu\u1ed1n tr\u00ecnh b\u00e0y nh\u01b0ng v\u00ec th\u1eddi gian c\u00f3 h\u1ea1n n\u00ean t\u00f4i xin ph\u00e9p \u0111\u01b0\u1ee3c \u0111\u1ec1 c\u1eadp t\u1edbi nh\u1eefng v\u1ea5n \u0111\u1ec1 ch\u00ednh trong vi\u1ec7c quy ho\u1ea1ch \u0111\u1ea7u t\u01b0 h\u1ec7 th\u1ed1ng c\u1ea3ng bi\u1ec3n Vi\u1ec7t nam v\u00e0 c\u1ea3i c\u00e1ch th\u1ee7 t\u1ee5c h\u00e0nh ch\u00ednh c\u1ea3ng m\u00e0 ng\u00e0nh h\u00e0ng h\u1ea3i \u0111ang tri\u1ec3n khai.<\/p>\n<p>Th\u01b0a Qu\u00fd \u00d4ng, b\u00e0<\/p>\n<p>Vi\u1ec7t nam \u0111\u01b0\u1ee3c coi l\u00e0 m\u1ed9t trong s\u1ed1 nh\u1eefng qu\u1ed1c gia c\u00f3 ti\u1ec1m n\u0103ng r\u1ea5t l\u1edbn v\u1ec1 ho\u1ea1t \u0111\u1ed9ng khai th\u00e1c kinh t\u1ebft bi\u1ec3n b\u1edfi v\u1edbi b\u1edd bi\u1ec3n d\u00e0i tr\u00ean 3.260km c\u00f3 nhi\u1ec1u v\u1ee5ng, v\u1ecbnh c\u1eeda s\u00f4ng n\u1ed1i li\u1ec1n v\u1edbi Th\u00e1i b\u00ecnh d\u01b0\u01a1ng r\u1ea5t thu\u1eadn ti\u1ec7n cho vi\u1ec7c x\u00e2y d\u1ef1ng h\u1ec7 th\u1ed1ng c\u1ea3ng bi\u1ec3n, ph\u00e1t tri\u1ec3n \u0111\u1ed9i t\u00e0u bi\u1ec3n qu\u1ed1c gia v\u00e0 c\u00e1c c\u01a1 s\u1edf c\u00f4ng nghi\u1ec7p \u0111\u00f3ng v\u00e0 s\u1eeda ch\u1eefa t\u00e0u bi\u1ec3n v\u00e0 th\u1ef1c hi\u1ec7n c\u00e1c lo\u1ea1i h\u00ecnh d\u1ecbch v\u1ee5 h\u00e0ng h\u1ea3i th\u01b0\u01a1ng m\u1ea1i kh\u00e1c.<\/p>\n<p>D\u1ef1a v\u00e0o s\u1ea3n l\u01b0\u1ee3ng h\u00e0ng h\u00f3a th\u00f4ng qua h\u1ec7 th\u1ed1ng c\u1ea3ng bi\u1ec3n Vi\u1ec7t Nam t\u0103ng nhanh h\u00e0ng n\u0103m<\/p>\n<p>N\u0103m 1995: 34.000.000T<br \/>\nN\u0103m 1996: 36.656.337T<br \/>\nN\u0103m 1997: 45.760.326T<br \/>\nN\u0103m 1998: 56.899.006T<br \/>\nN\u0103m 1999: 72.782.392T<br \/>\nN\u0103m 2000: 83.043.031T<\/p>\n<p>6 th\u00e1ng \u0111\u1ea7u n\u0103m 2001: 45.500.000T, v\u00e0 nhu c\u1ea7u ph\u00e1t tri\u1ec3n kinh t\u1ebf c\u1ee7a \u0111\u1ea5t n\u01b0\u1edbc trong thi\u00ean ni\u00ean k\u1ef7 m\u1edbi, ng\u00e0y 12\/10\/1999, t\u1ea1i quy\u1ebft \u0111\u1ecbnh 202\/1999-Q\u0110-TTg, Th\u1ee7 t\u01b0\u1edbng Ch\u00ednh ph\u1ee7 \u0111\u00e3 ph\u00ea duy\u1ec7t quy ho\u1ea1ch h\u1ec7 th\u1ed1ng C\u1ea3ng bi\u1ec3n Vi\u1ec7t Nam \u0111\u1ebfn n\u0103m 2010 v\u1edbi 114 c\u1ea3ng v\u00e0 \u0111i\u1ec3m c\u1ea3ng, \u0111\u01b0\u1ee3c ph\u00e2n th\u00e0nh 8 c\u1ee5m ch\u00ednh t\u00ednh t\u1eeb B\u1eafc \u0111\u1ebfn Nam v\u00e0 c\u00e1c h\u1ea3i \u0111\u1ea3o v\u1edbi s\u1ea3n l\u01b0\u1ee3ng h\u00e0ng h\u00f3a th\u00f4ng qua kho\u1ea3ng 210 tri\u1ec7u t\u1ea5n\/n\u0103m<\/p>\n<p>Song song v\u1edbi vi\u1ec7c ph\u00e1t tri\u1ec3n v\u00e0 x\u00e2y d\u1ef1ng h\u1ec7 th\u1ed1ng c\u01a1 s\u1edf h\u1ea1 t\u1ea7ng c\u1ea3ng bi\u1ec3n, v\u1ea5n \u0111\u1ec1 c\u1ea3i c\u00e1ch th\u1ee7 t\u1ee5c h\u00e0nh ch\u00ednh c\u1ea3ng bi\u1ec3n v\u00e0 tri\u1ec3n khai nh\u1eefng b\u01b0\u1edbc chuy\u00ean \u0111\u1ed5i c\u01a1 b\u1ea3n v\u1ec1 ho\u1ea1t \u0111\u1ed9ng qu\u1ea3n l\u00fd nh\u00e0 n\u01b0\u1edbc chuy\u00ean ng\u00e0nh v\u1ec1 h\u00e0ng h\u1ea3i theo h\u01b0\u1edbng g\u1ecdn nh\u1eb9, n\u00e2ng cao hi\u1ec7u qu\u1ea3 \u0111i\u1ec1u h\u00e0nh t\u1ea1o \u0111i\u1ec1u ki\u1ec7n h\u00f2a nh\u1eadp v\u1edbi h\u00e0ng h\u1ea3i qu\u1ed1c t\u1ebf. Nh\u1eefng n\u0103m qua, ho\u1ea1t \u0111\u1ed9ng qu\u1ea3n l\u00fd chuy\u00ean ng\u00e0nh h\u00e0ng h\u1ea3i tr\u00ean c\u1ea3 n\u01b0\u1edbc \u0111\u00e3 ghi nh\u1eadn nhi\u1ec1u bi\u1ebfn \u0111\u1ed5i t\u00edch c\u1ef1c, \u0111\u00e3 v\u00e0 \u0111ang g\u00f3p ph\u1ea7n quan tr\u1ecdng cho qu\u00e1 tr\u00ecnh ph\u00e1t tri\u1ec3n c\u1ee7a to\u00e0n ng\u00e0nh n\u00f3i chung v\u00e0 ph\u1ea7n n\u00e0o \u0111\u00e3 t\u1ea1o \u0111i\u1ec1u ki\u1ec7n thu\u00e2\u1ead l\u1ee3i cho c\u00e1c doanh nghi\u1ec7p thu\u1ed9c m\u1ecdi th\u00e0nh ph\u1ea7n kinh t\u1ebf v\u00e0 t\u1ed5 ch\u1ee9c, c\u00e1 nh\u00e2n n\u01b0\u1edbc ngo\u00e0i \u0111ang ho\u1ea1t \u0111\u1ed9ng kinh doanh t\u1ea1i Vi\u1ec7t Nam. Tuy nhi\u00ean, hi\u1ec7n nay \u0111\u1ec3 th\u1ef1c hi\u1ec7n tri\u1ec7t \u0111\u1ec3 m\u1ee5c ti\u00eau &#8220;x\u00e2y d\u1ef1ng m\u1ed9t n\u1ec1n h\u00e0nh ch\u00ednh nh\u00e0 n\u01b0\u1edbc d\u00e2n ch\u1ee7, trong s\u1ea1ch, v\u1eefng m\u1ea1nh, t\u1eebng b\u01b0\u1edbc hi\u1ec7n \u0111\u1ea1i h\u00f3a&#8221; theo Ngh\u1ecb quy\u1ebft \u0110\u1ea1i h\u1ed9i \u0110\u1ea3ng to\u00e0n qu\u1ed1c l\u1ea7n th\u1ee9c IX \u0111\u00e3 th\u00f4ng qua, vi\u1ec7c \u0111\u1ea9y m\u1ea1nh c\u1ea3i c\u00e1ch h\u00e0nh ch\u00ednh trong c\u00e1c ho\u1ea1t \u0111\u1ed9ng qu\u1ea3n l\u00fd Nh\u00e0 n\u01b0\u1edbc \u0111ang l\u00e0 y\u00eau c\u1ea7u h\u1ebft s\u1ee9c c\u1ea5p thi\u1ebft.<\/p>\n<p>V\u1eeba qau, C\u1ee5c H\u00e0ng h\u1ea3i Vi\u1ec7t Nam \u0111\u00e3 \u0111\u1ec1 xu\u1ea5t th\u00ed \u0111i\u1ec3m m\u1ed9t s\u1ed1 c\u01a1 ch\u1ebf qu\u1ea3n l\u00fd h\u00e0nh ch\u00ednh chuy\u00ean ng\u00e0nh t\u1ea1i Th\u01b0\u01a1ng C\u1ea3ng S\u00e0i G\u00f2n tr\u01b0\u1edbc khi tri\u1ec3n khai \u00e1p d\u1ee5ng th\u1ed1ng nh\u1ea5t tr\u00ean c\u1ea3 n\u01b0\u1edbc. N\u1ed9i dung th\u00ed \u0111i\u1ec3m ph\u1ea3i \u0111\u00e1p \u1ee9ng \u0111\u01b0\u1ee3c nh\u1eefng y\u00eau c\u1ea7u c\u01a1 b\u1ea3n sau:<\/p>\n<p>Th\u1ee9 nh\u1ea5t, t\u1ea1o \u0111i\u1ec1u ki\u1ec7n thu\u1eadn l\u1ee3i cho t\u00e0u bi\u1ec3n Vi\u1ec7t Nam, t\u00e0u bi\u1ec3n n\u01b0\u1edbc ngo\u00e0i v\u00e0 m\u1ecdi t\u1ed5 ch\u1ee9c, c\u00e1 nh\u00e2n c\u00f3 li\u00ean quan khi tham gia ho\u1ea1t \u0111\u1ed9ng h\u00e0ng h\u1ea3i th\u01b0\u01a1ng m\u1ea1i t\u1ea1i Th\u01b0\u01a1ng c\u1ea3ng S\u00e0i G\u00f2n, nh\u1eb1m ph\u00f9 h\u1ee3p v\u1edbi quy \u0111\u1ecbnh c\u1ee7a c\u00e1c \u0110i\u1ec1u \u01b0\u1edbc qu\u1ed1c t\u1ebf v\u00e0 t\u1eadp qu\u00e1n, th\u00f4ng l\u1ec7 h\u00e0ng h\u1ea3i th\u01b0\u01a1ng m\u1ea1i qu\u1ed1c t\u1ebf.<\/p>\n<p>Th\u1ee9 hai, x\u00f3a b\u1ecf s\u1ef1 b\u1ea5t c\u1eadp, m\u00e2u thu\u1ea9n, ch\u1ed3ng ch\u00e9o v\u00e0 t\u00ecnh tr\u1ea1ng &#8220;h\u00ecnh th\u1ee9c h\u00f3a&#8221; th\u1ee7 t\u1ee5c h\u00e0nh ch\u00ednh chuy\u00ean ng\u00e0nh hi\u1ec7n \u0111ang \u00e1p d\u1ee5ng t\u1ea1i Th\u01b0\u01a1ng c\u1ea3ng S\u00e0i G\u00f2n nh\u01b0ng kh\u00f4ng c\u00f2n ph\u00f9 h\u1ee3p v\u1edb th\u1ef1c t\u1ebf \u0111ang g\u00e2y n\u00ean nh\u1eefng c\u1ea3ng tr\u1edf ho\u1eb7c ph\u00e1t sinh nh\u1eefng ti\u00ea c\u1ef1c kh\u00f4ng \u0111\u00e1ng c\u00f3 v\u00e0 ph\u1ea7n n\u00e0o l\u00e0m \u1ea3nh h\u01b0\u1edfng \u0111\u1ebfn uy t\u00ednh qu\u1ed1c gia.<\/p>\n<p>Th\u1ee9 ba, \u0111\u00e1p \u1ee9ng nhu c\u1ea7u ph\u00e1t tri\u1ec3n v\u00e0 h\u1ed9i nh\u1eadp c\u1ee7a Tp.HCM n\u00f3i chung c\u0169ng nh\u01b0 Th\u01b0\u01a1ng c\u1ea3ng S\u00e0i g\u00f2n n\u00f3i ri\u00eang, qua \u0111\u00f3 l\u00e0m c\u01a1 s\u1edf \u0111\u1ec3 tri\u1ec3n khai th\u1ef1c hi\u1ec7n th\u1ed1ng nh\u1ea5t t\u1ea1i t\u1ea5t c\u1ea3 c\u00e1c c\u1ea3ng bi\u1ec3n c\u1ee7a n\u01b0\u1edbc ta trong th\u1eddi gian t\u1edbi.<\/p>\n<p>Th\u1ee9 t\u01b0, ph\u00f9 h\u1ee3p v\u1edbi ch\u1ee7 tr\u01b0\u01a1ng c\u1ee7a \u0110\u1ea3ng v\u00e0 Nh\u00e0 n\u01b0\u1edbc v\u1ec1 c\u1ea3i c\u00e1ch n\u1ec1n h\u00e0nh ch\u00ednh qu\u1ed1c gia, m\u00e0 \u0111\u1eb7c bi\u1ec7t l\u00e0 vi\u1ec7c c\u1ea3i c\u00e1ch th\u1ee7 t\u1ee5c h\u00e0nh ch\u00ednh trong ho\u1ea1t \u0111\u1ed9ng c\u1ee7a c\u00e1c c\u01a1 quan qu\u1ea3n l\u00fd Nh\u00e0 n\u01b0\u1edbc.<\/p>\n<p>Th\u1ee9 n\u0103m, h\u00ecnh th\u00e0nh d\u1ea7n c\u01a1 ch\u1ebf qu\u1ea3n l\u00fd t\u1eadp trung v\u1ec1 m\u1ecdi m\u1eb7t th\u1ee7 t\u1ee5c h\u00e0nh ch\u00ednh c\u1ee7a c\u00e1c chuy\u00ean ng\u00e0nh theo nguy\u00ean t\u1eafc \u0111i\u1ec1u h\u00e0nh c\u1ee7a &#8220;Ch\u00ednh quy\u1ec1n C\u1ea3ng&#8221;, \u0111\u01b0\u1ee3c th\u00f4ng qua m\u1ed9t &#8220;\u0111\u1ea7u m\u1ed1i&#8221; th\u1ed1ng nh\u1ea5t t\u1ea1i C\u1ea3ng v\u1ee5 S\u00e0i G\u00f2n.<\/p>\n<p>\u0110\u1ec3 ph\u00f9 h\u1ee3p v\u1edbi nguy\u00ean t\u1eafc \u00e1p d\u1ee5ng ph\u00e1p lu\u1eadt, c\u00e1c n\u1ed9i dung \u0111\u1ec1 xu\u1ea5t c\u1ee7a \u0111\u1ec1 \u00e1n n\u00e0y \u0111ang \u0111\u01b0\u1ee3c ho\u00e0n thi\u1ec7n \u0111\u1ec3 b\u00e1o c\u00e1o Th\u1ee7 t\u01b0\u1edbng Ch\u00ednh ph\u1ee7 quy\u1ebft \u0111\u1ecbnh. Sau th\u1eddi gian th\u1ef1c hi\u1ec7n th\u00ed \u0111\u1ec3m s\u1ebd ti\u1ebfn h\u00e0nh \u0111\u00e1nh gi\u00e1 k\u1ebft qu\u1ea3 \u0111\u1ec3 l\u00e0m c\u01a1 s\u1edf tri\u1ec3n khai \u00e1p d\u1ee5ng th\u1ed1ng nh\u1ea5t trong h\u1ec7 th\u1ed1ng c\u1ea3ng bi\u1ec3n c\u1ee7a n\u01b0\u1edbc ta.<\/p>\n<p>Th\u01b0a c\u00e1c Qu\u00fd v\u1ecb<\/p>\n<p>Vai tr\u00f2 c\u1ee7a Hi\u1ec7p h\u1ed9i c\u1ea3ng bi\u1ec3n Vi\u1ec7t Nam<br \/>\nCh\u00fang t\u00f4i ghi nh\u1eadn v\u00e0 \u0111\u00e1nh gi\u00e1 cao nh\u1eefng n\u1ed7 l\u1ef1c v\u00e0 \u0111\u00f3ng g\u00f3p c\u1ee7a Hi\u1ec7p h\u1ed9i c\u1ea3ng bi\u1ec3n Vi\u1ec7t Nam v\u00e0o qu\u00e1 tr\u00ecnh c\u00f4ng nghi\u1ec7p h\u00f3a v\u00e0 hi\u1ec7n \u0111\u1ea1i h\u00f3a ng\u00e0nh h\u00e0ng h\u1ea3i Vi\u1ec7t Nam<\/p>\n<p>M\u1ed9t l\u00e0, tham gia v\u00e0o x\u00e2y d\u1ef1ng ch\u00ednh s\u00e1ch li\u00ean quan, v\u1ea5n \u0111\u1ec1 quan tr\u1ecdng c\u1ee7a kh\u1ed1i c\u1ea3ng nh\u01b0 c\u01a1 ch\u1ebf qu\u1ea3n l\u00fd CSHT, d\u1ef1 thao s\u1eeda \u0111\u1ed5i b\u1ed5 sung lu\u1eadt h\u00e0ng h\u1ea3i, thu\u1ebf GTVT, gi\u00e1 d\u1ecbch v\u1ee5 c\u1ea3ng bi\u1ec3n, \u0111i\u1ec1u ki\u1ec7n kinh doanh v\u1eadn t\u1ea3i h\u00e0ng h\u1ea3i v.v..<\/p>\n<p>Hai l\u00e0, duy tr\u00ec v\u00e0 ph\u00e1t tri\u1ec3n c\u00e1c quan h\u1ec7 \u0111\u1ed1i ngo\u1ea1i v\u1edbi c\u00e1c t\u1ed5 ch\u1ee9c h\u00e0ng h\u1ea3i kh\u00e1c trong khu v\u1ef1c v\u00e0 qu\u1ed1c t\u1ebf, tham gia t\u00edch c\u1ef1c c\u00e1c sinh ho\u1ea1t c\u1ee7a Hi\u1ec7p h\u1ed9i c\u1ea3ng bi\u1ec3n ASEAN<\/p>\n<p>Ba l\u00e0, ph\u1ed1i h\u1ee3p ho\u1ea1t \u0111\u1ed9ng c\u00e1c c\u1ea3ng th\u00e0nh vi\u00ean t\u1ea1o s\u1ee9c m\u1ea1nh \u0111\u00e1p \u1ee9ng y\u00eau c\u1ea7u x\u1ebfp d\u1ee1 h\u00e0ng, hi\u1ec7n \u0111\u1ea1i h\u00f3a c\u01a1 s\u1edf h\u1ea1 t\u1ea7ng v\u00e0 qu\u1ea3n l\u00fd c\u1ea3ng.<\/p>\n<p>Trong ho\u1ea1t \u0111\u1ed9ng c\u1ee7a c\u1ea3ng b\u00ean c\u1ea1nh nh\u1eefng thu\u1eadn l\u1ee3i ch\u00fang ta c\u00f2n g\u1eb7p nhi\u1ec1u kh\u00f3 kh\u0103n trong h\u1ec7 th\u1ed1ng ph\u00e1p lu\u1eadt ch\u01b0a ho\u00e0n ch\u1ec9nh.<\/p>\n<p>Qua h\u1ed9i ngh\u1ecb n\u00e0y, t\u00f4i \u0111\u1ec1 ngh\u1ecb c\u00e1c c\u01a1 quan nh\u00e0 n\u01b0\u1edbc c\u00f3 li\u00ean quan h\u1ed7 tr\u1ee3 Hi\u1ec7p h\u1ed9i C\u1ea3ng bi\u1ec3n, c\u00e1c c\u1ea3ng th\u00e0nh vi\u00ean gi\u1ea3i quy\u1ebft v\u1ec1 c\u01a1 ch\u1ebf ch\u00ednh s\u00e1ch, th\u1ee7 t\u1ee5c h\u00e0nh ch\u00ednh theo h\u01b0\u1edbng ch\u00ednh quy\u1ec1n c\u1ea3ng c\u1ee7a c\u00e1c khu v\u1ef1c.<\/p>\n<p>Nh\u00e2n d\u1ecbp n\u00e0y, thay m\u1eb7t C\u1ee5c H\u00e0ng h\u1ea3i Vi\u1ec7t Nam, t\u00f4i k\u00ednh ch\u00fac c\u00e1c Qu\u00fd v\u1ecb \u0110\u1ea1i bi\u1ec3u kh\u1ecfa m\u1ea1nh, ch\u00fac H\u1ed9i ngh\u1ecb th\u00e0nh c\u00f4ng t\u1ed1t \u0111\u1eb9p.<\/p>\n","protected":false},"excerpt":{"rendered":"<p>THAM LU\u1eacN C\u1ee6A C\u1ee4C TR\u01af\u1edeNG C\u1ee4C H\u00c0NG H\u1ea2I VI\u1ec6T NAM T\u1ea1i \u0110\u1ea1i h\u1ed9i L\u1ea7n th\u1ee9 IV Hi\u1ec7p h\u1ed9i C\u1ea3ng bi\u1ec3n Vi\u1ec7t Nam Phan Thi\u1ebft &#8211; B\u00ecnh Thu\u1eadn 29-30 \/11 \/2001 K\u00ednh th\u01b0a c\u00e1c Qu\u00fd v\u1ecb \u0111\u1ea1i bi\u1ec3u K\u00ednh th\u01b0a Qu\u00fd B\u00e0, Qu\u00fd \u00d4ng Tr\u01b0\u1edbc h\u1ebft, cho ph\u00e9p t\u00f4i \u0111\u01b0\u1ee3c n\u00f3i l\u1eddi c\u1ea3m \u01a1n t\u1edbi Ban &hellip;<\/p>\n","protected":false},"author":1,"featured_media":0,"parent":32,"menu_order":0,"comment_status":"closed","ping_status":"closed","template":"","meta":{"footnotes":""},"class_list":["post-2569","page","type-page","status-publish",""],"_links":{"self":[{"href":"http:\/\/www.vpa.org.vn\/vn\/wp-json\/wp\/v2\/pages\/2569"}],"collection":[{"href":"http:\/\/www.vpa.org.vn\/vn\/wp-json\/wp\/v2\/pages"}],"about":[{"href":"http:\/\/www.vpa.org.vn\/vn\/wp-json\/wp\/v2\/types\/page"}],"author":[{"embeddable":true,"href":"http:\/\/www.vpa.org.vn\/vn\/wp-json\/wp\/v2\/users\/1"}],"replies":[{"embeddable":true,"href":"http:\/\/www.vpa.org.vn\/vn\/wp-json\/wp\/v2\/comments?post=2569"}],"version-history":[{"count":1,"href":"http:\/\/www.vpa.org.vn\/vn\/wp-json\/wp\/v2\/pages\/2569\/revisions"}],"predecessor-version":[{"id":2570,"href":"http:\/\/www.vpa.org.vn\/vn\/wp-json\/wp\/v2\/pages\/2569\/revisions\/2570"}],"up":[{"embeddable":true,"href":"http:\/\/www.vpa.org.vn\/vn\/wp-json\/wp\/v2\/pages\/32"}],"wp:attachment":[{"href":"http:\/\/www.vpa.org.vn\/vn\/wp-json\/wp\/v2\/media?parent=2569"}],"curies":[{"name":"wp","href":"https:\/\/api.w.org\/{rel}","templated":true}]}}