{"id":2793,"date":"2019-05-13T13:31:42","date_gmt":"2019-05-13T06:31:42","guid":{"rendered":"http:\/\/www.vpa.org.vn\/vn\/?page_id=2793"},"modified":"2019-05-13T13:31:42","modified_gmt":"2019-05-13T06:31:42","slug":"cang-icd-phuoc-long","status":"publish","type":"page","link":"http:\/\/www.vpa.org.vn\/vn\/cang-icd-phuoc-long\/","title":{"rendered":"C\u1ea2NG ICD PH\u01af\u1edaC LONG"},"content":{"rendered":"[vc_row][vc_column][vc_message message_box_style=&#8221;solid&#8221; message_box_color=&#8221;alert-info&#8221; icon_fontawesome=&#8221;fa fa-bars&#8221;]1. Port&#8217;s name &amp; contact address[\/vc_message][vc_column_text]T\u00ean c\u1ea3ng (Port\u2019s name):  <strong>C\u1ea2NG ICD PH\u01af\u1edaC LONG <\/strong> . M\u00e3 c\u1ea3ng (Port Code): ..VNPLT<br \/>\nT\u00ean ti\u1ebfng Anh (in English):  <strong>PHUOC LONG ICD PORT.<\/strong>  T\u00ean t\u1eaft (Abbreviation): \u2026\u2026\u2026\u2026\u2026&#8230;<br \/>\nLo\u1ea1i doanh nghi\u1ec7p (Business status): NN \/ TNHH MTV \/ CP \/ LD \/ 100% v\u1ed1n ngo\u1ea1i\/ TN : TNHH<br \/>\nC\u01a1 quan ch\u1ee7 qu\u1ea3n (Under): C\u00d4NG TY C\u1ed4 PH\u1ea6N GEMADEPT<br \/>\nV\u1ecb tr\u00ed c\u1ea3ng (Port\u2019s geographical location, coordinates):  \u0110\u01b0\u1eddng s\u1ed1 1, P. Tr\u01b0\u1eddng Th\u1ecd, Q Th\u1ee7 \u0110\u1ee9c, TP HCM<br \/>\n\u0110i\u1ec3m \u0111\u00f3n tr\u1ea3 hoa ti\u00eau (Pilot boarding location):\u2026\u2026\u2026\u2026\u2026\u2026\u2026\u2026\u2026\u2026\u2026\u2026\u2026\u2026\u2026\u2026\u2026\u2026\u2026\u2026\u2026\u2026\u2026.<br \/>\nTr\u1ee5 s\u1edf ch\u00ednh (HQ Address): L\u1ea7u 21, 2bis-4-6 L\u00ea Th\u00e1nh T\u00f4n, Ph\u01b0\u1eddng B\u1ebfn Ngh\u00e9, Qu\u1eadn 1, Tp HCM<br \/>\n\u0110i\u1ec7n tho\u1ea1i (Tel): &#8216;028.37313204         Fax: &#8216;02837281344<br \/>\nE-mail: info@pip.com.vn  Website: www.pip.com.vn[\/vc_column_text][\/vc_column][\/vc_row][vc_row][vc_column][vc_message message_box_style=&#8221;solid&#8221; message_box_color=&#8221;alert-info&#8221; icon_fontawesome=&#8221;fa fa-bars&#8221;]2.Management[\/vc_message][vc_column_text]\n<div class=\"table-responsive\">\n<table class=\"table table-bordered\">\n<tbody>\n<tr>\n<td>Director<\/td>\n<td>Mr. Nguy\u1ec5n Th\u1ebf D\u0169ng,<br \/>\nTel:  0903924437<\/td>\n<\/tr>\n<tr>\n<td>Vice Director<\/td>\n<td>Mr. Tr\u1ecbnh Ch\u00ednh Sinh,<br \/>\nTel:  0903910153<\/td>\n<\/tr>\n<tr>\n<td><\/td>\n<td>Mr Nguy\u1ec5n Xu\u00e2n Ph\u00fa,<br \/>\nTel:  0903954069<\/td>\n<\/tr>\n<tr>\n<td><\/td>\n<td>Mr Nguy\u1ec5n Quy\u1ebft Chi\u1ebfn,<br \/>\nTel:  0913922906<\/td>\n<\/tr>\n<tr>\n<td>Khai th\u00e1c (Operations)<\/td>\n<td>Mr  Ph\u1ea1m H\u1eefu Kh\u1ea3i<br \/>\nTel:  0903943618<\/td>\n<\/tr>\n<\/tbody>\n<\/table>\n<\/div>\n[\/vc_column_text][\/vc_column][\/vc_row][vc_row][vc_column][vc_message message_box_style=&#8221;solid&#8221; message_box_color=&#8221;alert-info&#8221; icon_fontawesome=&#8221;fa fa-bars&#8221;]3. Access channel[\/vc_message][vc_column_text]T\u1ed5ng chi\u1ec1u d\u00e0i (Total length)    : &#8230;&#8230;&#8230;&#8230;&#8230;&#8230;&#8230;&#8230;&#8230;&#8230;&#8230;&#8230;&#8230;&#8230;&#8230;&#8230;&#8230;&#8230;&#8230;&#8230;&#8230;&#8230;&#8230;&#8230;&#8230;&#8230;&#8230;&#8230;&#8230;&#8230;&#8230;&#8230;&#8230;&#8230;&#8230;&#8230;&#8230;&#8230;&#8230;&#8230;.<br \/>\n\u0110\u1ed9 s\u00e2u lu\u1ed3ng (Channel depth): &#8230;&#8230;&#8230;&#8230;&#8230;&#8230;&#8230;&#8230;&#8230;&#8230;&#8230;&#8230;&#8230;&#8230;&#8230;&#8230;&#8230;&#8230;&#8230;&#8230;&#8230;&#8230;&#8230;&#8230;&#8230;&#8230;&#8230;&#8230;&#8230;&#8230;&#8230;&#8230;&#8230;&#8230;&#8230;&#8230;&#8230;&#8230;&#8230;&#8230;.<br \/>\nCh\u1ebf \u0111\u1ed9 th\u1ee7y tri\u1ec1u (Tidal regime):\u2026\u2026\u2026&#8230;&#8230;&#8230;&#8230;&#8230;&#8230;&#8230;&#8230;&#8230;&#8230;&#8230;&#8230;&#8230;&#8230;&#8230;&#8230;&#8230;&#8230;&#8230;&#8230;&#8230;&#8230;&#8230;&#8230;&#8230;&#8230;&#8230;&#8230;&#8230;&#8230;&#8230;&#8230;&#8230;&#8230;&#8230;.<br \/>\nBi\u00ean \u0111\u1ed9 th\u1ee7y tri\u1ec1u (Tidal range): &#8230;&#8230;&#8230;&#8230;&#8230;&#8230;&#8230;&#8230;&#8230;&#8230;&#8230;&#8230;&#8230;  Ch\u00eanh l\u1ec7ch b\/q (Average variation)\u2026\u2026\u2026&#8230;m.<br \/>\nM\u1edbn n\u01b0\u1edbc cao nh\u1ea5t cho t\u00e0u ra v\u00e0o (Maximum draft): \u2026\u2026\u2026\u2026\u2026&#8230;&#8230;&#8230;&#8230;&#8230;&#8230;&#8230;&#8230;&#8230;&#8230;&#8230;&#8230;&#8230;&#8230;&#8230;&#8230;&#8230;&#8230;&#8230;&#8230;&#8230;&#8230;<br \/>\nC\u1ee1 t\u00e0u l\u1edbn nh\u1ea5t ti\u1ebfp nh\u1eadn \u0111\u01b0\u1ee3c (Maximum size of vessel acceptable): \u2026&#8230;&#8230;&#8230;&#8230;&#8230;&#8230;&#8230;&#8230;&#8230;&#8230;&#8230;&#8230;&#8230;&#8230;&#8230;&#8230;.Dwt.[\/vc_column_text][\/vc_column][\/vc_row][vc_row][vc_column][vc_message message_box_style=&#8221;solid&#8221; message_box_color=&#8221;alert-info&#8221; icon_fontawesome=&#8221;fa fa-bars&#8221;]4. Berth facilities[\/vc_message][vc_column_text]<strong>Khai 03 b\u1ebfn Phao GEMADEPT \u2013 Khu v\u1ef1c s\u00f4ng S\u00e0i G\u00f2n.<\/strong><br \/>\n&#8211;    C\u1ea7u t\u00e0u ICD3 : 350 m<\/p>\n<p><strong>Kho b\u00e3i (Storage facilities):<\/strong><br \/>\n&#8211;    Khai th\u00e1c b\u00e3i ICD1: KM7 Xa L\u1ed9 H\u00e0 n\u1ed9i, Ph\u01b0\u1eddng Ph\u01b0\u1edbc Long A, Qu\u1eadn 9, Tp H\u1ed3 Ch\u00ed Minh<br \/>\n&#8211;    Khai th\u00e1c b\u00e3i ICD3: \u0110\u01b0\u1eddng s\u1ed1 1, Ph\u01b0\u1eddng Tr\u01b0\u1eddng Th\u1ecd, Qu\u1eadn Th\u1ee7 \u0110\u1ee9c, Tp H\u1ed3 Ch\u00ed Minh<\/p>\n<p><strong>T\u1ed5ng di\u1ec7n t\u00edch m\u0103t b\u1eb1ng c\u1ea3ng (Total port area)<\/strong>:  15 hecta. ( ICD1 5 hecta v\u00e0 ICD3 10 hecta)<br \/>\n<strong>Kho (Warehouses):<\/strong> 1200  m2, trong \u0111\u00f3 Kho CFS (of which, CFS): 700 m2<br \/>\n<strong>Kho ngo\u1ea1i quan (Customs bonded):<\/strong> 500 m2<\/p>\n<p>B\u00e3i (Open storage): &#8230;&#8230;&#8230;&#8230;&#8230;&#8230;&#8230;m2, trong \u0111\u00f3 B\u00e3i container (of which CY): &#8230;&#8230;&#8230;&#8230;&#8230;&#8230;&#8230;&#8230;&#8230;&#8230;&#8230;&#8230;&#8230;&#8230;.m2<br \/>\nS\u1ed1 l\u01b0\u1ee3ng, s\u1ee9c ch\u1ee9a B\u1ed3n (Tank): &#8230;&#8230;&#8230;&#8230;&#8230;&#8230;&#8230;&#8230;&#8230;&#8230;&#8230;&#8230;&#8230;&#8230;&#8230;.Xi-l\u00f4 (Silo): &#8230;&#8230;&#8230;&#8230;&#8230;&#8230;&#8230;&#8230;&#8230;&#8230;&#8230;&#8230;&#8230;&#8230;&#8230;&#8230;&#8230;.<br \/>\nC\u01a1 s\u1edf ph\u01b0\u01a1ng ti\u1ec7n kh\u00e1c (Others): &#8230;&#8230;&#8230;&#8230;&#8230;&#8230;&#8230;&#8230;&#8230;&#8230;&#8230;&#8230;&#8230;&#8230;&#8230;&#8230;&#8230;&#8230;&#8230;&#8230;&#8230;&#8230;&#8230;&#8230;&#8230;&#8230;&#8230;&#8230;&#8230;&#8230;&#8230;&#8230;&#8230;&#8230;&#8230;&#8230;&#8230;&#8230;..<br \/>\n\u2026\u2026\u2026\u2026\u2026\u2026\u2026\u2026\u2026\u2026\u2026\u2026\u2026\u2026\u2026\u2026\u2026\u2026\u2026\u2026\u2026\u2026\u2026\u2026\u2026\u2026\u2026\u2026\u2026\u2026\u2026\u2026\u2026\u2026\u2026\u2026\u2026\u2026\u2026\u2026\u2026\u2026&#8230;<br \/>\n\u2026\u2026\u2026\u2026\u2026\u2026\u2026\u2026\u2026\u2026\u2026\u2026\u2026\u2026\u2026\u2026\u2026\u2026\u2026\u2026\u2026\u2026\u2026\u2026\u2026\u2026\u2026\u2026\u2026\u2026\u2026\u2026\u2026\u2026\u2026\u2026\u2026\u2026\u2026\u2026\u2026\u2026&#8230;<br \/>\nThi\u1ebft b\u1ecb ch\u00ednh (Major equipment):<br \/>\nLo\u1ea1i\/h\u00e3ng SX (Type\/Brand)        S\u1ed1 l\u01b0\u1ee3ng (No.)           S\u1ee9c n\u00e2ng\/t\u1ea3i\/c\u00f4ng su\u1ea5t (Capacity)<\/p>\n<p><em>(Tham kh\u1ea3o website:  www.pip.com.vn  &amp; www.gemadept.com.vn )<\/em>[\/vc_column_text][\/vc_column][\/vc_row][vc_row][vc_column][vc_message message_box_style=&#8221;solid&#8221; message_box_color=&#8221;alert-info&#8221; icon_fontawesome=&#8221;fa fa-bars&#8221;]5. Cargo throughput[\/vc_message][vc_column_text]Nh\u1eadp (Import): \u2026\u2026\u2026\u2026&#8230;&#8230;MT. Xu\u1ea5t (Export):&#8230;&#8230;&#8230;&#8230;&#8230;&#8230;&#8230;&#8230;MT. N\u1ed9i \u0111\u1ecba (Domestic):\u2026\u2026\u2026&#8230;&#8230;&#8230;.MT<br \/>\n&#8211; Trong \u0111\u00f3 g\u1ed3m h\u00e0ng container (of which, container):\u2026\u2026\u2026\u2026 MT \/   <strong>43.329 TEU<\/strong>:<br \/>\nNh\u1eadp (Import): <strong>16.465 TEU<\/strong> ;    Xu\u1ea5t (Export): <strong>26.864<\/strong>  TEU; N\u1ed9i \u0111\u1ecba (Domestic): &#8230;&#8230;&#8230;&#8230;&#8230;&#8230;TEU.<br \/>\nQu\u00e1 c\u1ea3nh (In transit):&#8230;&#8230;&#8230;&#8230;&#8230;&#8230;&#8230;&#8230;&#8230;TEU; Trung chuy\u1ec3n qu\u1ed1c t\u1ebf (Transshipment): \u2026\u2026&#8230;&#8230;&#8230;&#8230;&#8230;.TEU.<br \/>\n&#8211; H\u00e0ng b\u00e1ch h\u00f3a (General cargo):&#8230;&#8230;&#8230;&#8230;&#8230;&#8230;&#8230;&#8230;&#8230;&#8230;&#8230;&#8230;&#8230;&#8230;&#8230;&#8230;&#8230;&#8230;&#8230;&#8230;&#8230;.MT.<br \/>\n&#8211; H\u00e0ng r\u1eddi\/x\u00e1 (Bulk cargo): &#8230;&#8230;&#8230;&#8230;&#8230;&#8230;&#8230;&#8230;&#8230;&#8230;&#8230;&#8230;&#8230;&#8230;&#8230;&#8230;&#8230;&#8230;&#8230;&#8230;&#8230;&#8230;&#8230;&#8230;..MT.<br \/>\n&#8211; H\u00e0ng l\u1ecfng (Liquid cargo): &#8230;&#8230;&#8230;&#8230;&#8230;&#8230;&#8230;&#8230;&#8230;&#8230;&#8230;&#8230;&#8230;&#8230;&#8230;&#8230;&#8230;&#8230;&#8230;&#8230;&#8230;&#8230;&#8230;&#8230;.MT.<br \/>\nM\u1eb7t h\u00e0ng nh\u1eadp kh\u1ea9u ch\u00ednh (Major imports)          M\u1eb7t h\u00e0ng xu\u1ea5t kh\u1ea9u ch\u00ednh (Major exports)<br \/>\n&#8230;&#8230;&#8230;&#8230;&#8230;&#8230;&#8230;&#8230;&#8230;&#8230;&#8230;&#8230;&#8230;..  &#8230;&#8230;&#8230;&#8230;&#8230;&#8230;&#8230;..MT        &#8230;&#8230;&#8230;&#8230;&#8230;&#8230;&#8230;&#8230;&#8230;&#8230;&#8230;&#8230;&#8230;&#8230;&#8230;&#8230;   &#8230;&#8230;&#8230;&#8230;&#8230;&#8230;&#8230;&#8230;..MT<br \/>\n&#8230;&#8230;&#8230;&#8230;&#8230;&#8230;&#8230;&#8230;&#8230;&#8230;&#8230;&#8230;&#8230;..  &#8230;&#8230;&#8230;&#8230;&#8230;&#8230;&#8230;..MT        &#8230;&#8230;&#8230;&#8230;&#8230;&#8230;&#8230;&#8230;&#8230;&#8230;&#8230;&#8230;&#8230;&#8230;&#8230;&#8230;    &#8230;&#8230;&#8230;&#8230;&#8230;&#8230;&#8230;&#8230;.MT<br \/>\n&#8230;&#8230;&#8230;&#8230;&#8230;&#8230;&#8230;&#8230;&#8230;&#8230;&#8230;&#8230;&#8230;..  &#8230;&#8230;&#8230;&#8230;&#8230;&#8230;&#8230;..MT        &#8230;&#8230;&#8230;&#8230;&#8230;&#8230;&#8230;&#8230;&#8230;&#8230;&#8230;&#8230;&#8230;&#8230;&#8230;&#8230;    &#8230;&#8230;&#8230;&#8230;&#8230;&#8230;&#8230;&#8230;.MT<br \/>\nH\u00e0ng n\u1ed9i \u0111\u1ecba ch\u00ednh (Domestic cargo): &#8230;&#8230;&#8230;&#8230;&#8230;&#8230;&#8230;&#8230;&#8230;&#8230;&#8230;&#8230;&#8230;&#8230;&#8230;&#8230;&#8230;&#8230;&#8230;&#8230;&#8230;&#8230;&#8230;&#8230;&#8230;&#8230;&#8230;&#8230;&#8230;&#8230;&#8230;&#8230;&#8230;&#8230;&#8230;&#8230;..<br \/>\n&#8230;&#8230;&#8230;&#8230;&#8230;&#8230;&#8230;&#8230;&#8230;&#8230;&#8230;&#8230;&#8230;&#8230;&#8230;&#8230;&#8230;&#8230;&#8230;&#8230;&#8230;&#8230;&#8230;&#8230;&#8230;&#8230;&#8230;&#8230;&#8230;&#8230;&#8230;&#8230;&#8230;&#8230;&#8230;&#8230;&#8230;&#8230;&#8230;&#8230;&#8230;&#8230;&#8230;&#8230;&#8230;&#8230;&#8230;&#8230;&#8230;&#8230;&#8230;&#8230;&#8230;&#8230;&#8230;&#8230;&#8230;.<br \/>\nL\u01b0\u1ee3t t\u00e0u \u0111\u1ebfn c\u1ea3ng trong n\u0103m (Ship calls): <strong>99<\/strong>  .T\u1ef7 l\u1ec7 Khai th\u00e1c\/N\u0103ng l\u1ef1c (Total occupancy): <strong>85.%<\/strong>[\/vc_column_text][\/vc_column][\/vc_row][vc_row][vc_column][vc_message message_box_style=&#8221;solid&#8221; message_box_color=&#8221;alert-info&#8221; icon_fontawesome=&#8221;fa fa-bars&#8221;]6. Main services[\/vc_message][vc_column_text]Stevedoring, leasing means of handling and transport, supply of fishing logistics, and passenger services,ship accomodation &#8230;[\/vc_column_text][\/vc_column][\/vc_row]\n","protected":false},"excerpt":{"rendered":"<p>[vc_row][vc_column][vc_message message_box_style=&#8221;solid&#8221; message_box_color=&#8221;alert-info&#8221; icon_fontawesome=&#8221;fa fa-bars&#8221;]1. Port&#8217;s name &amp; contact address[\/vc_message][vc_column_text]T\u00ean c\u1ea3ng (Port\u2019s name): C\u1ea2NG ICD PH\u01af\u1edaC LONG . M\u00e3 c\u1ea3ng (Port Code): ..VNPLT T\u00ean ti\u1ebfng Anh (in English): PHUOC LONG ICD PORT. T\u00ean t\u1eaft (Abbreviation): \u2026\u2026\u2026\u2026\u2026&#8230; Lo\u1ea1i doanh nghi\u1ec7p (Business status): NN \/ TNHH MTV \/ CP \/ LD \/ 100% v\u1ed1n ngo\u1ea1i\/ TN : &hellip;<\/p>\n","protected":false},"author":1,"featured_media":0,"parent":0,"menu_order":0,"comment_status":"closed","ping_status":"closed","template":"","meta":{"footnotes":""},"class_list":["post-2793","page","type-page","status-publish",""],"_links":{"self":[{"href":"http:\/\/www.vpa.org.vn\/vn\/wp-json\/wp\/v2\/pages\/2793"}],"collection":[{"href":"http:\/\/www.vpa.org.vn\/vn\/wp-json\/wp\/v2\/pages"}],"about":[{"href":"http:\/\/www.vpa.org.vn\/vn\/wp-json\/wp\/v2\/types\/page"}],"author":[{"embeddable":true,"href":"http:\/\/www.vpa.org.vn\/vn\/wp-json\/wp\/v2\/users\/1"}],"replies":[{"embeddable":true,"href":"http:\/\/www.vpa.org.vn\/vn\/wp-json\/wp\/v2\/comments?post=2793"}],"version-history":[{"count":1,"href":"http:\/\/www.vpa.org.vn\/vn\/wp-json\/wp\/v2\/pages\/2793\/revisions"}],"predecessor-version":[{"id":2794,"href":"http:\/\/www.vpa.org.vn\/vn\/wp-json\/wp\/v2\/pages\/2793\/revisions\/2794"}],"wp:attachment":[{"href":"http:\/\/www.vpa.org.vn\/vn\/wp-json\/wp\/v2\/media?parent=2793"}],"curies":[{"name":"wp","href":"https:\/\/api.w.org\/{rel}","templated":true}]}}