{"id":37,"date":"2017-06-05T01:50:38","date_gmt":"2017-06-05T01:50:38","guid":{"rendered":"http:\/\/192.168.111.26\/vn\/?page_id=37"},"modified":"2017-07-10T15:01:28","modified_gmt":"2017-07-10T08:01:28","slug":"dao-tao-tuyen-dung","status":"publish","type":"page","link":"https:\/\/www.vpa.org.vn\/vn\/dao-tao-tuyen-dung\/","title":{"rendered":"\u0110\u00e0o t\u1ea1o &#8211; Tuy\u1ec3n d\u1ee5ng"},"content":{"rendered":"<p><strong>GI\u00c1O TR\u00ccNH<\/strong>\u00a0<em>(T\u00e0i li\u1ec7u b\u1eb1ng ti\u1ebfng Anh)<\/em><\/p>\n<p>\u0110\u1ec3 download h\u00e3y click chu\u1ed9t ph\u1ea3i v\u00e0o c\u00e1c li\u00ean k\u1ebft b\u00ean d\u01b0\u1edbi, sau \u0111\u00f3 ch\u1ecdn &#8220;Save target As&#8230;&#8221;<\/p>\n<p>&#8211;\u00a0<a href=\"\/english\/training\/terminal_new_PP\/CARGOH1.PPT\">X\u1ebfp d\u1ee1 h\u00e0ng container _1<\/a><br \/>\n&#8211;\u00a0<a href=\"\/english\/training\/terminal_new_PP\/CARGOH5.PPT\">X\u1ebfp d\u1ee1 h\u00e0ng container _2<\/a><br \/>\n&#8211;\u00a0<a href=\"\/english\/training\/terminal_new_PP\/CARGOH3.PPT\">X\u1ebfp d\u1ee1 h\u00e0ng container _3<\/a><br \/>\n&#8211;\u00a0<a href=\"\/english\/training\/terminal_new_PP\/CARGOH2.PPT\">X\u1ebfp d\u1ee1 h\u00e0ng container _4<\/a><br \/>\n&#8211;\u00a0<a href=\"\/english\/training\/terminal_new_PP\/CARGOH4.PPT\">X\u1ebfp d\u1ee1 h\u00e0ng container _5<\/a><\/p>\n<p>&#8211;\u00a0<a href=\"\/english\/training\/terminal_new_PP\/CONSTR1.PPT\">K\u1ebft c\u1ea5u t\u00e0u container<\/a><br \/>\n&#8211;\u00a0<a href=\"\/english\/training\/terminal_new_PP\/CONTAI1.PPT\">\u0110\u00f3ng r\u00fat h\u00e0ng Container<\/a><br \/>\n&#8211;\u00a0<a href=\"\/english\/training\/terminal_new_PP\/CONTAI2.PPT\">Thi\u1ebft b\u1ecb l\u00e0m h\u00e0ng Container<\/a><br \/>\n&#8211;\u00a0<a href=\"\/english\/training\/terminal_new_PP\/Container_Basic.ppt\">C\u0103n b\u1ea3n v\u1ec1 Container<\/a><br \/>\n&#8211;\u00a0<a href=\"\/english\/training\/terminal_new_PP\/Container_Inspections.ppt\">Gi\u00e1m \u0111\u1ecbnh Container<\/a><\/p>\n<p>&#8211;\u00a0<a href=\"\/english\/training\/terminal_new_PP\/History_of_the_Containerization.ppt\">L\u1ecbch s\u1eed container h\u00f3a<\/a><br \/>\n&#8211;\u00a0<a href=\"\/english\/training\/terminal_new_PP\/IMDGcode.ppt\">H\u00e0ng nguy hi\u1ec3m ph\u00e2n lo\u1ea1i theo m\u00e3 qu\u1ed1c t\u1ebf (IMDG Code)<\/a><br \/>\n&#8211;\u00a0<a href=\"\/english\/training\/terminal_new_PP\/Sheets.IMO.ppt\">IMO<\/a><br \/>\n&#8211;\u00a0<a href=\"\/english\/training\/terminal_new_PP\/MarksNumbers.ppt\">M\u00e1c m\u00e3 v\u00e0 s\u1ed1 hi\u1ec7u Container<\/a><br \/>\n&#8211;\u00a0<a href=\"\/english\/training\/terminal_new_PP\/Marpol-2.ppt\">\u00d4 nhi\u1ec5m h\u00e0ng h\u1ea3i<\/a><br \/>\n&#8211;\u00a0<a href=\"\/english\/training\/terminal_new_PP\/SafeVessels.ppt\">T\u1eadp qu\u00e1n an to\u00e0n lao \u0111\u1ed9ng khi l\u00e0m vi\u1ec7c tr\u00ean t\u00e0u<\/a><br \/>\n&#8211;\u00a0<a href=\"\/english\/training\/terminal_new_PP\/Securing.ppt\">Ch\u1eb1ng bu\u1ed9c<\/a><br \/>\n&#8211;\u00a0<a href=\"\/english\/training\/terminal_new_PP\/Stowage.ppt\">Ch\u1ea5t x\u1ebfp t\u00e0u Container<\/a><\/p>\n<p>&#8211;\u00a0<a href=\"\/english\/training\/terminal_new_PP\/Terminal%20Safety.ppt\">An to\u00e0n b\u1ebfn c\u1ea3ng<\/a><br \/>\n&#8211;<a href=\"\/english\/training\/terminal_new_PP\/Terminal_layout.ppt\">\u00a0Thi\u1ebft k\u1ebf m\u1eb7t b\u1eb1ng b\u1ebfn container<\/a><br \/>\n&#8211;\u00a0<a href=\"\/english\/training\/terminal_new_PP\/Terminal_Managerment.ppt\">Qu\u1ea3n l\u00fd b\u1ebfn container<\/a><br \/>\n&#8211;\u00a0<a href=\"\/english\/training\/terminal_new_PP\/Terminal_Operation.ppt\">Khai th\u00e1c b\u1ebfn container<\/a><br \/>\n&#8211;<a href=\"\/english\/training\/terminal_new_PP\/Terminal_Operation_CaseI_II.ppt\">\u00a0Khai th\u00e1c b\u1ebfn container (T\u00ecnh hu\u1ed1ng I &#8211; II)<\/a><\/p>\n<p>T\u00e0i li\u1ec7u tr\u00ean \u0111\u01b0\u1ee3c cung c\u1ea5p b\u1edfi IMTA\/STC H\u00e0 Lan th\u00f4ng qua kh\u00f3a h\u1ecdc do VPA ph\u1ed1i h\u1ee3p t\u1ed5 ch\u1ee9c v\u00e0o th\u00e1ng 10\/1998 t\u1ea1i Tp. HCM, Vi\u1ec7t Nam.<\/p>\n","protected":false},"excerpt":{"rendered":"<p>GI\u00c1O TR\u00ccNH\u00a0(T\u00e0i li\u1ec7u b\u1eb1ng ti\u1ebfng Anh) \u0110\u1ec3 download h\u00e3y click chu\u1ed9t ph\u1ea3i v\u00e0o c\u00e1c li\u00ean k\u1ebft b\u00ean d\u01b0\u1edbi, sau \u0111\u00f3 ch\u1ecdn &#8220;Save target As&#8230;&#8221; &#8211;\u00a0X\u1ebfp d\u1ee1 h\u00e0ng container _1 &#8211;\u00a0X\u1ebfp d\u1ee1 h\u00e0ng container _2 &#8211;\u00a0X\u1ebfp d\u1ee1 h\u00e0ng container _3 &#8211;\u00a0X\u1ebfp d\u1ee1 h\u00e0ng container _4 &#8211;\u00a0X\u1ebfp d\u1ee1 h\u00e0ng container _5 &#8211;\u00a0K\u1ebft c\u1ea5u t\u00e0u container &#8211;\u00a0\u0110\u00f3ng r\u00fat &hellip;<\/p>\n","protected":false},"author":1,"featured_media":0,"parent":0,"menu_order":0,"comment_status":"closed","ping_status":"closed","template":"","meta":{"footnotes":""},"class_list":["post-37","page","type-page","status-publish",""],"_links":{"self":[{"href":"https:\/\/www.vpa.org.vn\/vn\/wp-json\/wp\/v2\/pages\/37"}],"collection":[{"href":"https:\/\/www.vpa.org.vn\/vn\/wp-json\/wp\/v2\/pages"}],"about":[{"href":"https:\/\/www.vpa.org.vn\/vn\/wp-json\/wp\/v2\/types\/page"}],"author":[{"embeddable":true,"href":"https:\/\/www.vpa.org.vn\/vn\/wp-json\/wp\/v2\/users\/1"}],"replies":[{"embeddable":true,"href":"https:\/\/www.vpa.org.vn\/vn\/wp-json\/wp\/v2\/comments?post=37"}],"version-history":[{"count":4,"href":"https:\/\/www.vpa.org.vn\/vn\/wp-json\/wp\/v2\/pages\/37\/revisions"}],"predecessor-version":[{"id":2607,"href":"https:\/\/www.vpa.org.vn\/vn\/wp-json\/wp\/v2\/pages\/37\/revisions\/2607"}],"wp:attachment":[{"href":"https:\/\/www.vpa.org.vn\/vn\/wp-json\/wp\/v2\/media?parent=37"}],"curies":[{"name":"wp","href":"https:\/\/api.w.org\/{rel}","templated":true}]}}